{"id":16239,"date":"2023-11-26T13:27:29","date_gmt":"2023-11-26T12:27:29","guid":{"rendered":"https:\/\/demo225.wonderblue.studio\/kontakt-2\/"},"modified":"2024-06-11T07:08:56","modified_gmt":"2024-06-11T05:08:56","slug":"kontaktujte-nas","status":"publish","type":"page","link":"https:\/\/efc-skola.sk\/en\/kontaktujte-nas\/","title":{"rendered":"Contact"},"content":{"rendered":"\t\t<div data-elementor-type=\"wp-page\" data-elementor-id=\"16239\" class=\"elementor elementor-16239\" data-elementor-post-type=\"page\">\n\t\t\t\t<div class=\"elementor-element elementor-element-0e6db3a e-flex e-con-boxed e-con e-parent\" data-id=\"0e6db3a\" data-element_type=\"container\" data-e-type=\"container\" data-settings=\"{&quot;background_background&quot;:&quot;classic&quot;}\">\n\t\t\t\t\t<div class=\"e-con-inner\">\n\t\t<div class=\"elementor-element elementor-element-e66cf8d e-con-full e-flex e-con e-child\" data-id=\"e66cf8d\" data-element_type=\"container\" data-e-type=\"container\">\n\t\t<div class=\"elementor-element elementor-element-29575ec e-con-full e-flex e-con e-child\" data-id=\"29575ec\" data-element_type=\"container\" data-e-type=\"container\" data-settings=\"{&quot;background_background&quot;:&quot;classic&quot;}\">\n\t\t\t\t<div class=\"elementor-element elementor-element-a419ca7 elementor-widget elementor-widget-heading\" data-id=\"a419ca7\" data-element_type=\"widget\" data-e-type=\"widget\" data-widget_type=\"heading.default\">\n\t\t\t\t<div class=\"elementor-widget-container\">\n\t\t\t\t\t<h2 class=\"elementor-heading-title elementor-size-default\">Kontaktujte n\u00e1s<\/h2>\t\t\t\t<\/div>\n\t\t\t\t<\/div>\n\t\t\t\t<div class=\"elementor-element elementor-element-e27cc53 elementor-button-align-start elementor-mobile-button-align-stretch elementor-widget elementor-widget-form\" data-id=\"e27cc53\" data-element_type=\"widget\" data-e-type=\"widget\" data-settings=\"{&quot;step_next_label&quot;:&quot;Nasp\\u00e4\\u0165&quot;,&quot;step_previous_label&quot;:&quot;\\u010eal\\u0161\\u00ed krok&quot;,&quot;button_width&quot;:&quot;100&quot;,&quot;step_type&quot;:&quot;number_text&quot;,&quot;step_icon_shape&quot;:&quot;circle&quot;}\" data-widget_type=\"form.default\">\n\t\t\t\t<div class=\"elementor-widget-container\">\n\t\t\t\t\t\t\t<form class=\"elementor-form\" method=\"post\" name=\"Kontakt\" aria-label=\"Kontakt\">\n\t\t\t<input type=\"hidden\" name=\"post_id\" value=\"16239\"\/>\n\t\t\t<input type=\"hidden\" name=\"form_id\" value=\"e27cc53\"\/>\n\t\t\t<input type=\"hidden\" name=\"referer_title\" value=\"EFC\" \/>\n\n\t\t\t\n\t\t\t<div class=\"elementor-form-fields-wrapper elementor-labels-\">\n\t\t\t\t\t\t\t\t<div class=\"elementor-field-type-text elementor-field-group elementor-column elementor-field-group-name elementor-col-50 elementor-field-required\">\n\t\t\t\t\t\t\t\t\t\t\t\t<label for=\"form-field-name\" class=\"elementor-field-label elementor-screen-only\">\n\t\t\t\t\t\t\t\tMeno a priezvisko\t\t\t\t\t\t\t<\/label>\n\t\t\t\t\t\t\t\t\t\t\t\t\t\t<input size=\"1\" type=\"text\" name=\"form_fields[name]\" id=\"form-field-name\" class=\"elementor-field elementor-size-md  elementor-field-textual\" placeholder=\"Meno a priezvisko\" required=\"required\">\n\t\t\t\t\t\t\t\t\t\t\t<\/div>\n\t\t\t\t\t\t\t\t<div class=\"elementor-field-type-email elementor-field-group elementor-column elementor-field-group-email elementor-col-50 elementor-field-required\">\n\t\t\t\t\t\t\t\t\t\t\t\t<label for=\"form-field-email\" class=\"elementor-field-label elementor-screen-only\">\n\t\t\t\t\t\t\t\tE-mail\t\t\t\t\t\t\t<\/label>\n\t\t\t\t\t\t\t\t\t\t\t\t\t\t<input size=\"1\" type=\"email\" name=\"form_fields[email]\" id=\"form-field-email\" class=\"elementor-field elementor-size-md  elementor-field-textual\" placeholder=\"E-mail\" required=\"required\">\n\t\t\t\t\t\t\t\t\t\t\t<\/div>\n\t\t\t\t\t\t\t\t<div class=\"elementor-field-type-textarea elementor-field-group elementor-column elementor-field-group-message elementor-col-100 elementor-field-required\">\n\t\t\t\t\t\t\t\t\t\t\t\t<label for=\"form-field-message\" class=\"elementor-field-label elementor-screen-only\">\n\t\t\t\t\t\t\t\tSpr\u00e1va\t\t\t\t\t\t\t<\/label>\n\t\t\t\t\t\t<textarea class=\"elementor-field-textual elementor-field  elementor-size-md\" name=\"form_fields[message]\" id=\"form-field-message\" rows=\"4\" placeholder=\"Spr\u00e1va\" required=\"required\"><\/textarea>\t\t\t\t<\/div>\n\t\t\t\t\t\t\t\t<div class=\"elementor-field-type-acceptance elementor-field-group elementor-column elementor-field-group-field_d452480 elementor-col-100 elementor-field-required\">\n\t\t\t\t\t\t\t<div class=\"elementor-field-subgroup\">\n\t\t\t<span class=\"elementor-field-option\">\n\t\t\t\t<input type=\"checkbox\" name=\"form_fields[field_d452480]\" id=\"form-field-field_d452480\" class=\"elementor-field elementor-size-md  elementor-acceptance-field\" required=\"required\">\n\t\t\t\t<label for=\"form-field-field_d452480\"><span style= \"font-size: 10px; color:#8C8C8C; font-weight: normal;\">S\u00fahlas\u00edm so  <a href=\"https:\/\/efc-skola.sk\/zasady-ochrany-osobnych-udajov\/\">z\u00e1sadami spracovania osobn\u00fdch \u00fadajov<\/a> za \u00fa\u010delom vybavenia mojej po\u017eiadavky.<span>\nT\u00e1to str\u00e1nka je chr\u00e1nen\u00e1 reCAPTCHA a platia pre \u0148u\n    <a href=\"https:\/\/policies.google.com\/privacy\">Z\u00e1sady ochrany osobn\u00fdch \u00fadajov<\/a> a\n    <a href=\"https:\/\/policies.google.com\/terms\">Zmluvn\u00e9 podmienky<\/a> spolo\u010dnosti Google.<\/label>\t\t\t<\/span>\n\t\t<\/div>\n\t\t\t\t\t\t<\/div>\n\t\t\t\t\t\t\t\t<div class=\"elementor-field-group elementor-column elementor-field-type-submit elementor-col-100 e-form__buttons\">\n\t\t\t\t\t<button class=\"elementor-button elementor-size-md\" type=\"submit\">\n\t\t\t\t\t\t<span class=\"elementor-button-content-wrapper\">\n\t\t\t\t\t\t\t\t\t\t\t\t\t\t\t\t\t\t\t\t\t\t<span class=\"elementor-button-text\">Odosla\u0165 spr\u00e1vu<\/span>\n\t\t\t\t\t\t\t\t\t\t\t\t\t<\/span>\n\t\t\t\t\t<\/button>\n\t\t\t\t<\/div>\n\t\t\t<\/div>\n\t\t<\/form>\n\t\t\t\t\t\t<\/div>\n\t\t\t\t<\/div>\n\t\t\t\t<\/div>\n\t\t<div class=\"elementor-element elementor-element-a984324 e-con-full e-flex e-con e-child\" data-id=\"a984324\" data-element_type=\"container\" data-e-type=\"container\" data-settings=\"{&quot;background_background&quot;:&quot;gradient&quot;}\">\n\t\t\t\t<div class=\"elementor-element elementor-element-5e63d6d elementor-widget elementor-widget-heading\" data-id=\"5e63d6d\" data-element_type=\"widget\" data-e-type=\"widget\" data-widget_type=\"heading.default\">\n\t\t\t\t<div class=\"elementor-widget-container\">\n\t\t\t\t\t<h5 class=\"elementor-heading-title elementor-size-default\">Kontaktn\u00e9 \u00fadaje:<\/h5>\t\t\t\t<\/div>\n\t\t\t\t<\/div>\n\t\t\t\t<div class=\"elementor-element elementor-element-e30f62a elementor-icon-list--layout-traditional elementor-list-item-link-full_width elementor-widget elementor-widget-icon-list\" data-id=\"e30f62a\" data-element_type=\"widget\" data-e-type=\"widget\" data-widget_type=\"icon-list.default\">\n\t\t\t\t<div class=\"elementor-widget-container\">\n\t\t\t\t\t\t\t<ul class=\"elementor-icon-list-items\">\n\t\t\t\t\t\t\t<li class=\"elementor-icon-list-item\">\n\t\t\t\t\t\t\t\t\t\t\t<span class=\"elementor-icon-list-icon\">\n\t\t\t\t\t\t\t<svg xmlns=\"http:\/\/www.w3.org\/2000\/svg\" height=\"24\" viewBox=\"0 -960 960 960\" width=\"24\"><path d=\"M172.309-180.001q-30.308 0-51.308-21t-21-51.308v-455.382q0-30.308 21-51.308t51.308-21h615.382q30.308 0 51.308 21t21 51.308v455.382q0 30.308-21 51.308t-51.308 21H172.309ZM800-662.309 499.461-469.924q-4.615 2.615-9.538 4.115t-9.923 1.5q-5 0-9.923-1.5t-9.538-4.115L160-662.309v410q0 5.385 3.462 8.847 3.462 3.462 8.847 3.462h615.382q5.385 0 8.847-3.462 3.462-3.462 3.462-8.847v-410ZM480-520l313.846-200H166.154L480-520ZM160-662.309v9.23-45.729 1.192V-720v22.384-1.269 45.806-9.23V-240v-422.309Z\"><\/path><\/svg>\t\t\t\t\t\t<\/span>\n\t\t\t\t\t\t\t\t\t\t<span class=\"elementor-icon-list-text\">info@efc-skola.sk<\/span>\n\t\t\t\t\t\t\t\t\t<\/li>\n\t\t\t\t\t\t\t\t<li class=\"elementor-icon-list-item\">\n\t\t\t\t\t\t\t\t\t\t\t<span class=\"elementor-icon-list-icon\">\n\t\t\t\t\t\t\t<svg xmlns=\"http:\/\/www.w3.org\/2000\/svg\" height=\"24\" viewBox=\"0 -960 960 960\" width=\"24\"><path d=\"M777.614-140.001q-113.076 0-227.191-52.577-114.115-52.577-209.691-148.346-95.577-95.769-148.154-209.691-52.577-113.923-52.577-226.999 0-18.165 12-30.275t30-12.11h130.46q15.154 0 26.731 9.885 11.577 9.885 14.73 24.423L376.845-668q2.385 16.385-1 28.154-3.384 11.769-12.154 19.769l-92.384 89.923q22.308 40.846 50.962 77.269 28.654 36.424 62.038 69.578 32.924 32.923 70.001 61.154 37.077 28.231 80.077 52.538l89.769-90.538q9.385-9.769 22.731-13.692 13.346-3.923 27.731-1.923l111.075 22.615q15.154 4 24.731 15.461 9.577 11.462 9.577 26.001v129.69q0 18-12.11 30t-30.275 12ZM242.923-586.922l71.385-68.308q1.923-1.539 2.5-4.231.577-2.693-.192-5l-17.385-89.385q-.769-3.077-2.692-4.615-1.923-1.539-5-1.539H206q-2.307 0-3.846 1.539-1.539 1.538-1.539 3.846 3.077 41 13.423 83.308 10.347 42.308 28.885 84.385Zm347.999 345.691q39.77 18.539 82.962 28.347 43.193 9.807 80.731 11.653 2.308 0 3.846-1.538 1.539-1.539 1.539-3.847v-84.153q0-3.077-1.539-5.001-1.538-1.923-4.615-2.692l-84-17.077q-2.307-.769-4.038-.192-1.731.577-3.654 2.5l-71.232 72ZM242.923-586.922Zm347.999 345.691Z\"><\/path><\/svg>\t\t\t\t\t\t<\/span>\n\t\t\t\t\t\t\t\t\t\t<span class=\"elementor-icon-list-text\">+421 (0) 911 221 300<\/span>\n\t\t\t\t\t\t\t\t\t<\/li>\n\t\t\t\t\t\t\t\t<li class=\"elementor-icon-list-item\">\n\t\t\t\t\t\t\t\t\t\t\t<span class=\"elementor-icon-list-icon\">\n\t\t\t\t\t\t\t<svg xmlns=\"http:\/\/www.w3.org\/2000\/svg\" height=\"24\" viewBox=\"0 -960 960 960\" width=\"24\"><path d=\"M509.999-492.154v-157.847q0-12.749-8.628-21.374Q492.742-680 479.987-680q-12.756 0-21.371 8.625-8.615 8.625-8.615 21.374v167.078q0 7.063 2.615 13.685 2.615 6.622 8.231 12.238l137 137q8.308 8.307 20.884 8.5 12.577.192 21.269-8.5 8.692-8.692 8.692-21.076 0-12.385-8.692-21.077L509.999-492.154Zm-29.932 392.153q-78.836 0-148.204-29.92-69.369-29.92-120.682-81.21-51.314-51.291-81.247-120.629-29.933-69.337-29.933-148.173t29.92-148.204q29.92-69.369 81.21-120.682 51.291-51.314 120.629-81.247 69.337-29.933 148.173-29.933t148.204 29.92q69.369 29.92 120.682 81.21 51.314 51.291 81.247 120.629 29.933 69.337 29.933 148.173t-29.92 148.204q-29.92 69.369-81.21 120.682-51.291 51.314-120.629 81.247-69.337 29.933-148.173 29.933ZM480-480Zm0 320q133 0 226.5-93.5T800-480q0-133-93.5-226.5T480-800q-133 0-226.5 93.5T160-480q0 133 93.5 226.5T480-160Z\"><\/path><\/svg>\t\t\t\t\t\t<\/span>\n\t\t\t\t\t\t\t\t\t\t<span class=\"elementor-icon-list-text\">Sme online Pon-Pia od 7:00 do 16:00<\/span>\n\t\t\t\t\t\t\t\t\t<\/li>\n\t\t\t\t\t\t<\/ul>\n\t\t\t\t\t\t<\/div>\n\t\t\t\t<\/div>\n\t\t\t\t<div class=\"elementor-element elementor-element-c67ce67 elementor-widget elementor-widget-text-editor\" data-id=\"c67ce67\" data-element_type=\"widget\" data-e-type=\"widget\" data-widget_type=\"text-editor.default\">\n\t\t\t\t<div class=\"elementor-widget-container\">\n\t\t\t\t\t\t\t\t\t<p>N\u00e1zov organiz\u00e1cie: EFC plus o.z.<br \/>Pr\u00e1vna forma: Ob\u010dianske zdru\u017eenie<br \/>I\u010cO 54072042<br \/>DI\u010c: 2121981103<br \/><br \/>S\u00eddlo: Rekrea\u010dn\u00e1 2110\/3, 949 01 Nitra<br \/>D\u00e1tum vzniku 19.10.2021<br \/>IBAN: SK6156000000008092492001<\/p>\t\t\t\t\t\t\t\t<\/div>\n\t\t\t\t<\/div>\n\t\t\t\t<\/div>\n\t\t\t\t<\/div>\n\t\t\t\t\t<\/div>\n\t\t\t\t<\/div>\n\t\t\t\t<\/div>\n\t\t","protected":false},"excerpt":{"rendered":"<p>Kontaktujte n\u00e1s Kontaktn\u00e9 \u00fadaje: info@efc-skola.sk +421 (0) 911 221 300 Sme online Pon-Pia od 7:00 do 16:00 N\u00e1zov organiz\u00e1cie: EFC plus o.z.Pr\u00e1vna forma: Ob\u010dianske zdru\u017eenieI\u010cO 54072042DI\u010c: 2121981103 S\u00eddlo: Rekrea\u010dn\u00e1 2110\/3, 949 01 NitraD\u00e1tum vzniku 19.10.2021IBAN: SK6156000000008092492001<\/p>","protected":false},"author":1,"featured_media":0,"parent":0,"menu_order":0,"comment_status":"closed","ping_status":"closed","template":"","meta":{"footnotes":""},"class_list":["post-16239","page","type-page","status-publish","hentry"],"yoast_head":"<!-- This site is optimized with the Yoast SEO plugin v26.9 - https:\/\/yoast.com\/product\/yoast-seo-wordpress\/ -->\n<title>Kontakt - EFC<\/title>\n<meta name=\"robots\" content=\"index, follow, max-snippet:-1, max-image-preview:large, max-video-preview:-1\" \/>\n<link rel=\"canonical\" href=\"https:\/\/efc-skola.sk\/en\/kontaktujte-nas\/\" \/>\n<meta property=\"og:locale\" content=\"en_GB\" \/>\n<meta property=\"og:type\" content=\"article\" \/>\n<meta property=\"og:title\" content=\"Kontakt - EFC\" \/>\n<meta property=\"og:description\" content=\"Kontaktujte n\u00e1s Kontaktn\u00e9 \u00fadaje: info@efc-skola.sk +421 (0) 911 221 300 Sme online Pon-Pia od 7:00 do 16:00 N\u00e1zov organiz\u00e1cie: EFC plus o.z.Pr\u00e1vna forma: Ob\u010dianske zdru\u017eenieI\u010cO 54072042DI\u010c: 2121981103 S\u00eddlo: Rekrea\u010dn\u00e1 2110\/3, 949 01 NitraD\u00e1tum vzniku 19.10.2021IBAN: SK6156000000008092492001\" \/>\n<meta property=\"og:url\" content=\"https:\/\/efc-skola.sk\/en\/kontaktujte-nas\/\" \/>\n<meta property=\"og:site_name\" content=\"EFC\" \/>\n<meta property=\"article:modified_time\" content=\"2024-06-11T05:08:56+00:00\" \/>\n<meta name=\"twitter:card\" content=\"summary_large_image\" \/>\n<meta name=\"twitter:label1\" content=\"Estimated reading time\" \/>\n\t<meta name=\"twitter:data1\" content=\"1 minute\" \/>\n<script type=\"application\/ld+json\" class=\"yoast-schema-graph\">{\"@context\":\"https:\/\/schema.org\",\"@graph\":[{\"@type\":\"WebPage\",\"@id\":\"https:\/\/efc-skola.sk\/kontaktujte-nas\/\",\"url\":\"https:\/\/efc-skola.sk\/kontaktujte-nas\/\",\"name\":\"Kontakt - EFC\",\"isPartOf\":{\"@id\":\"https:\/\/efc-skola.sk\/#website\"},\"datePublished\":\"2023-11-26T12:27:29+00:00\",\"dateModified\":\"2024-06-11T05:08:56+00:00\",\"breadcrumb\":{\"@id\":\"https:\/\/efc-skola.sk\/kontaktujte-nas\/#breadcrumb\"},\"inLanguage\":\"en-GB\",\"potentialAction\":[{\"@type\":\"ReadAction\",\"target\":[\"https:\/\/efc-skola.sk\/kontaktujte-nas\/\"]}]},{\"@type\":\"BreadcrumbList\",\"@id\":\"https:\/\/efc-skola.sk\/kontaktujte-nas\/#breadcrumb\",\"itemListElement\":[{\"@type\":\"ListItem\",\"position\":1,\"name\":\"\u00davod\",\"item\":\"https:\/\/efc-skola.sk\/\"},{\"@type\":\"ListItem\",\"position\":2,\"name\":\"Kontakt\"}]},{\"@type\":\"WebSite\",\"@id\":\"https:\/\/efc-skola.sk\/#website\",\"url\":\"https:\/\/efc-skola.sk\/\",\"name\":\"EFC\",\"description\":\"Centrum finan\u010dn\u00e9ho vzdelania\",\"publisher\":{\"@id\":\"https:\/\/efc-skola.sk\/#organization\"},\"potentialAction\":[{\"@type\":\"SearchAction\",\"target\":{\"@type\":\"EntryPoint\",\"urlTemplate\":\"https:\/\/efc-skola.sk\/?s={search_term_string}\"},\"query-input\":{\"@type\":\"PropertyValueSpecification\",\"valueRequired\":true,\"valueName\":\"search_term_string\"}}],\"inLanguage\":\"en-GB\"},{\"@type\":\"Organization\",\"@id\":\"https:\/\/efc-skola.sk\/#organization\",\"name\":\"EFC\",\"url\":\"https:\/\/efc-skola.sk\/\",\"logo\":{\"@type\":\"ImageObject\",\"inLanguage\":\"en-GB\",\"@id\":\"https:\/\/efc-skola.sk\/#\/schema\/logo\/image\/\",\"url\":\"https:\/\/efc-skola.sk\/wp-content\/uploads\/2023\/07\/mottotag28954.png\",\"contentUrl\":\"https:\/\/efc-skola.sk\/wp-content\/uploads\/2023\/07\/mottotag28954.png\",\"width\":421,\"height\":420,\"caption\":\"EFC\"},\"image\":{\"@id\":\"https:\/\/efc-skola.sk\/#\/schema\/logo\/image\/\"},\"sameAs\":[\"https:\/\/www.instagram.com\/prosekuj\/\"]}]}<\/script>\n<!-- \/ Yoast SEO plugin. -->","yoast_head_json":{"title":"Kontakt - EFC","robots":{"index":"index","follow":"follow","max-snippet":"max-snippet:-1","max-image-preview":"max-image-preview:large","max-video-preview":"max-video-preview:-1"},"canonical":"https:\/\/efc-skola.sk\/en\/kontaktujte-nas\/","og_locale":"en_GB","og_type":"article","og_title":"Kontakt - EFC","og_description":"Kontaktujte n\u00e1s Kontaktn\u00e9 \u00fadaje: info@efc-skola.sk +421 (0) 911 221 300 Sme online Pon-Pia od 7:00 do 16:00 N\u00e1zov organiz\u00e1cie: EFC plus o.z.Pr\u00e1vna forma: Ob\u010dianske zdru\u017eenieI\u010cO 54072042DI\u010c: 2121981103 S\u00eddlo: Rekrea\u010dn\u00e1 2110\/3, 949 01 NitraD\u00e1tum vzniku 19.10.2021IBAN: SK6156000000008092492001","og_url":"https:\/\/efc-skola.sk\/en\/kontaktujte-nas\/","og_site_name":"EFC","article_modified_time":"2024-06-11T05:08:56+00:00","twitter_card":"summary_large_image","twitter_misc":{"Estimated reading time":"1 minute"},"schema":{"@context":"https:\/\/schema.org","@graph":[{"@type":"WebPage","@id":"https:\/\/efc-skola.sk\/kontaktujte-nas\/","url":"https:\/\/efc-skola.sk\/kontaktujte-nas\/","name":"Kontakt - EFC","isPartOf":{"@id":"https:\/\/efc-skola.sk\/#website"},"datePublished":"2023-11-26T12:27:29+00:00","dateModified":"2024-06-11T05:08:56+00:00","breadcrumb":{"@id":"https:\/\/efc-skola.sk\/kontaktujte-nas\/#breadcrumb"},"inLanguage":"en-GB","potentialAction":[{"@type":"ReadAction","target":["https:\/\/efc-skola.sk\/kontaktujte-nas\/"]}]},{"@type":"BreadcrumbList","@id":"https:\/\/efc-skola.sk\/kontaktujte-nas\/#breadcrumb","itemListElement":[{"@type":"ListItem","position":1,"name":"\u00davod","item":"https:\/\/efc-skola.sk\/"},{"@type":"ListItem","position":2,"name":"Kontakt"}]},{"@type":"WebSite","@id":"https:\/\/efc-skola.sk\/#website","url":"https:\/\/efc-skola.sk\/","name":"EFC","description":"Financial Education Centre","publisher":{"@id":"https:\/\/efc-skola.sk\/#organization"},"potentialAction":[{"@type":"SearchAction","target":{"@type":"EntryPoint","urlTemplate":"https:\/\/efc-skola.sk\/?s={search_term_string}"},"query-input":{"@type":"PropertyValueSpecification","valueRequired":true,"valueName":"search_term_string"}}],"inLanguage":"en-GB"},{"@type":"Organization","@id":"https:\/\/efc-skola.sk\/#organization","name":"EFC","url":"https:\/\/efc-skola.sk\/","logo":{"@type":"ImageObject","inLanguage":"en-GB","@id":"https:\/\/efc-skola.sk\/#\/schema\/logo\/image\/","url":"https:\/\/efc-skola.sk\/wp-content\/uploads\/2023\/07\/mottotag28954.png","contentUrl":"https:\/\/efc-skola.sk\/wp-content\/uploads\/2023\/07\/mottotag28954.png","width":421,"height":420,"caption":"EFC"},"image":{"@id":"https:\/\/efc-skola.sk\/#\/schema\/logo\/image\/"},"sameAs":["https:\/\/www.instagram.com\/prosekuj\/"]}]}},"jetpack_sharing_enabled":true,"_links":{"self":[{"href":"https:\/\/efc-skola.sk\/en\/wp-json\/wp\/v2\/pages\/16239","targetHints":{"allow":["GET"]}}],"collection":[{"href":"https:\/\/efc-skola.sk\/en\/wp-json\/wp\/v2\/pages"}],"about":[{"href":"https:\/\/efc-skola.sk\/en\/wp-json\/wp\/v2\/types\/page"}],"author":[{"embeddable":true,"href":"https:\/\/efc-skola.sk\/en\/wp-json\/wp\/v2\/users\/1"}],"replies":[{"embeddable":true,"href":"https:\/\/efc-skola.sk\/en\/wp-json\/wp\/v2\/comments?post=16239"}],"version-history":[{"count":5,"href":"https:\/\/efc-skola.sk\/en\/wp-json\/wp\/v2\/pages\/16239\/revisions"}],"predecessor-version":[{"id":17953,"href":"https:\/\/efc-skola.sk\/en\/wp-json\/wp\/v2\/pages\/16239\/revisions\/17953"}],"wp:attachment":[{"href":"https:\/\/efc-skola.sk\/en\/wp-json\/wp\/v2\/media?parent=16239"}],"curies":[{"name":"wp","href":"https:\/\/api.w.org\/{rel}","templated":true}]}}