{"id":16269,"date":"2023-11-26T13:27:00","date_gmt":"2023-11-26T12:27:00","guid":{"rendered":"http:\/\/progresion"},"modified":"2024-12-14T18:12:22","modified_gmt":"2024-12-14T17:12:22","slug":"moje-prve-peniaze","status":"publish","type":"product","link":"https:\/\/efc-skola.sk\/en\/product\/moje-prve-peniaze\/","title":{"rendered":"My first money"},"content":{"rendered":"<p><strong>At the end of the course<\/strong> children are familiar with the prices of goods and can judge what is cheap and what is more expensive. Children are finding out how supply and demand affect the prices of goods and services. <strong>Online courses<\/strong> are conducted live online with a lecturer.<br \/>\nAt the end of the course each child will receive <strong>certificate of completion.<\/strong><br \/>\nThis course is worth checking out. Children will have a lot of fun and learn a lot about money at the same time. <strong>Sign your child up for one of the September dates!<\/strong><br \/>\nSiblings have <strong>a discount of up to 10% off the price.<\/strong><br \/>\n<br \/>\n<strong>SEPTEMBER 2023<\/strong><\/p>\n<ul>\n<li><span style=\"font-weight: 400;\">Group A: Every Monday at 16:30 - 17:30<\/span><\/li>\n<li>Group B: Everyone <span style=\"font-weight: 400;\">Thursday, 4:30 - 5:30 p.m.\u00a0<\/span><\/li>\n<li>Group C: Every Sunday from 10:00 to 11:00 a.m.<\/li>\n<li>Duration: September - November<\/li>\n<li>Number of course hours: 10<\/li>\n<li>Take advantage of the 10% discount, only until the end of September!<\/li>\n<\/ul>\n<p><span style=\"font-weight: 400;\">\u2139\ufe0f A minimum of 5 registered children is required to open a group.\u00a0<\/span><\/p>","protected":false},"excerpt":{"rendered":"<p>Children will learn on the course about, <strong>how money is made and how easily it disappears,<\/strong> if we're not careful. We'll learn together how to <strong>save<\/strong>as <strong>keep track of your income and expenses<\/strong>, or how to evaluate <strong>what I want and what I really need.<\/strong> <strong>Fun games<\/strong> and exercises from the world of money we do online on our interactive platform that kids love.<\/p>","protected":false},"featured_media":16430,"template":"","meta":{"jetpack_publicize_message":"","jetpack_publicize_feature_enabled":true,"jetpack_social_post_already_shared":false,"jetpack_social_options":{"image_generator_settings":{"template":"highway","default_image_id":0,"font":"","enabled":false},"version":2}},"product_brand":[],"product_cat":[193],"product_tag":[],"class_list":{"0":"post-16269","1":"product","2":"type-product","3":"status-publish","4":"has-post-thumbnail","6":"product_cat-online-kurzy","8":"first","9":"instock","10":"virtual","11":"product-type-simple"},"yoast_head":"<!-- This site is optimized with the Yoast SEO plugin v26.9 - https:\/\/yoast.com\/product\/yoast-seo-wordpress\/ -->\n<title>Moje prv\u00e9 peniaze - EFC<\/title>\n<meta name=\"robots\" content=\"index, follow, max-snippet:-1, max-image-preview:large, max-video-preview:-1\" \/>\n<link rel=\"canonical\" href=\"https:\/\/efc-skola.sk\/en\/product\/moje-prve-peniaze\/\" \/>\n<meta property=\"og:locale\" content=\"en_GB\" \/>\n<meta property=\"og:type\" content=\"article\" \/>\n<meta property=\"og:title\" content=\"Moje prv\u00e9 peniaze - EFC\" \/>\n<meta property=\"og:description\" content=\"Deti sa na kurze nau\u010dia o tom, ako sa peniaze zar\u00e1baj\u00fa a ako \u013eahko sa vytratia, pokia\u013e si ned\u00e1vame pozor. Nau\u010d\u00edme sa spolu ako si spori\u0165, ako sledova\u0165 svoje pr\u00edjmy a v\u00fddavky, alebo ako vyhodnoti\u0165 \u010do chcem a \u010do naozaj potrebujem. Z\u00e1bavn\u00e9 hry a cvi\u010denia zo sveta pe\u0148az\u00ed rob\u00edme online na na\u0161ej interakt\u00edvnej platforme, ktor\u00fa deti miluj\u00fa.\" \/>\n<meta property=\"og:url\" content=\"https:\/\/efc-skola.sk\/en\/product\/moje-prve-peniaze\/\" \/>\n<meta property=\"og:site_name\" content=\"EFC\" \/>\n<meta property=\"article:modified_time\" content=\"2024-12-14T17:12:22+00:00\" \/>\n<meta property=\"og:image\" content=\"https:\/\/efc-skola.sk\/wp-content\/uploads\/2023\/11\/moje-prve-peniaze.webp\" \/>\n\t<meta property=\"og:image:width\" content=\"680\" \/>\n\t<meta property=\"og:image:height\" content=\"440\" \/>\n\t<meta property=\"og:image:type\" content=\"image\/webp\" \/>\n<meta name=\"twitter:card\" content=\"summary_large_image\" \/>\n<meta name=\"twitter:label1\" content=\"Estimated reading time\" \/>\n\t<meta name=\"twitter:data1\" content=\"1 minute\" \/>\n<script type=\"application\/ld+json\" class=\"yoast-schema-graph\">{\"@context\":\"https:\/\/schema.org\",\"@graph\":[{\"@type\":\"WebPage\",\"@id\":\"https:\/\/efc-skola.sk\/produkt\/moje-prve-peniaze\/\",\"url\":\"https:\/\/efc-skola.sk\/produkt\/moje-prve-peniaze\/\",\"name\":\"Moje prv\u00e9 peniaze - EFC\",\"isPartOf\":{\"@id\":\"https:\/\/efc-skola.sk\/#website\"},\"primaryImageOfPage\":{\"@id\":\"https:\/\/efc-skola.sk\/produkt\/moje-prve-peniaze\/#primaryimage\"},\"image\":{\"@id\":\"https:\/\/efc-skola.sk\/produkt\/moje-prve-peniaze\/#primaryimage\"},\"thumbnailUrl\":\"https:\/\/efc-skola.sk\/wp-content\/uploads\/2023\/11\/moje-prve-peniaze.webp\",\"datePublished\":\"2023-11-26T12:27:00+00:00\",\"dateModified\":\"2024-12-14T17:12:22+00:00\",\"breadcrumb\":{\"@id\":\"https:\/\/efc-skola.sk\/produkt\/moje-prve-peniaze\/#breadcrumb\"},\"inLanguage\":\"en-GB\",\"potentialAction\":[{\"@type\":\"ReadAction\",\"target\":[\"https:\/\/efc-skola.sk\/produkt\/moje-prve-peniaze\/\"]}]},{\"@type\":\"ImageObject\",\"inLanguage\":\"en-GB\",\"@id\":\"https:\/\/efc-skola.sk\/produkt\/moje-prve-peniaze\/#primaryimage\",\"url\":\"https:\/\/efc-skola.sk\/wp-content\/uploads\/2023\/11\/moje-prve-peniaze.webp\",\"contentUrl\":\"https:\/\/efc-skola.sk\/wp-content\/uploads\/2023\/11\/moje-prve-peniaze.webp\",\"width\":680,\"height\":440},{\"@type\":\"BreadcrumbList\",\"@id\":\"https:\/\/efc-skola.sk\/produkt\/moje-prve-peniaze\/#breadcrumb\",\"itemListElement\":[{\"@type\":\"ListItem\",\"position\":1,\"name\":\"\u00davod\",\"item\":\"https:\/\/efc-skola.sk\/\"},{\"@type\":\"ListItem\",\"position\":2,\"name\":\"Obchod\",\"item\":\"https:\/\/efc-skola.sk\/obchod\/\"},{\"@type\":\"ListItem\",\"position\":3,\"name\":\"Moje prv\u00e9 peniaze\"}]},{\"@type\":\"WebSite\",\"@id\":\"https:\/\/efc-skola.sk\/#website\",\"url\":\"https:\/\/efc-skola.sk\/\",\"name\":\"EFC\",\"description\":\"Centrum finan\u010dn\u00e9ho vzdelania\",\"publisher\":{\"@id\":\"https:\/\/efc-skola.sk\/#organization\"},\"potentialAction\":[{\"@type\":\"SearchAction\",\"target\":{\"@type\":\"EntryPoint\",\"urlTemplate\":\"https:\/\/efc-skola.sk\/?s={search_term_string}\"},\"query-input\":{\"@type\":\"PropertyValueSpecification\",\"valueRequired\":true,\"valueName\":\"search_term_string\"}}],\"inLanguage\":\"en-GB\"},{\"@type\":\"Organization\",\"@id\":\"https:\/\/efc-skola.sk\/#organization\",\"name\":\"EFC\",\"url\":\"https:\/\/efc-skola.sk\/\",\"logo\":{\"@type\":\"ImageObject\",\"inLanguage\":\"en-GB\",\"@id\":\"https:\/\/efc-skola.sk\/#\/schema\/logo\/image\/\",\"url\":\"https:\/\/efc-skola.sk\/wp-content\/uploads\/2023\/07\/mottotag28954.png\",\"contentUrl\":\"https:\/\/efc-skola.sk\/wp-content\/uploads\/2023\/07\/mottotag28954.png\",\"width\":421,\"height\":420,\"caption\":\"EFC\"},\"image\":{\"@id\":\"https:\/\/efc-skola.sk\/#\/schema\/logo\/image\/\"},\"sameAs\":[\"https:\/\/www.instagram.com\/prosekuj\/\"]}]}<\/script>\n<!-- \/ Yoast SEO plugin. -->","yoast_head_json":{"title":"Moje prv\u00e9 peniaze - EFC","robots":{"index":"index","follow":"follow","max-snippet":"max-snippet:-1","max-image-preview":"max-image-preview:large","max-video-preview":"max-video-preview:-1"},"canonical":"https:\/\/efc-skola.sk\/en\/product\/moje-prve-peniaze\/","og_locale":"en_GB","og_type":"article","og_title":"Moje prv\u00e9 peniaze - EFC","og_description":"Deti sa na kurze nau\u010dia o tom, ako sa peniaze zar\u00e1baj\u00fa a ako \u013eahko sa vytratia, pokia\u013e si ned\u00e1vame pozor. Nau\u010d\u00edme sa spolu ako si spori\u0165, ako sledova\u0165 svoje pr\u00edjmy a v\u00fddavky, alebo ako vyhodnoti\u0165 \u010do chcem a \u010do naozaj potrebujem. Z\u00e1bavn\u00e9 hry a cvi\u010denia zo sveta pe\u0148az\u00ed rob\u00edme online na na\u0161ej interakt\u00edvnej platforme, ktor\u00fa deti miluj\u00fa.","og_url":"https:\/\/efc-skola.sk\/en\/product\/moje-prve-peniaze\/","og_site_name":"EFC","article_modified_time":"2024-12-14T17:12:22+00:00","og_image":[{"width":680,"height":440,"url":"https:\/\/efc-skola.sk\/wp-content\/uploads\/2023\/11\/moje-prve-peniaze.webp","type":"image\/webp"}],"twitter_card":"summary_large_image","twitter_misc":{"Estimated reading time":"1 minute"},"schema":{"@context":"https:\/\/schema.org","@graph":[{"@type":"WebPage","@id":"https:\/\/efc-skola.sk\/produkt\/moje-prve-peniaze\/","url":"https:\/\/efc-skola.sk\/produkt\/moje-prve-peniaze\/","name":"Moje prv\u00e9 peniaze - EFC","isPartOf":{"@id":"https:\/\/efc-skola.sk\/#website"},"primaryImageOfPage":{"@id":"https:\/\/efc-skola.sk\/produkt\/moje-prve-peniaze\/#primaryimage"},"image":{"@id":"https:\/\/efc-skola.sk\/produkt\/moje-prve-peniaze\/#primaryimage"},"thumbnailUrl":"https:\/\/efc-skola.sk\/wp-content\/uploads\/2023\/11\/moje-prve-peniaze.webp","datePublished":"2023-11-26T12:27:00+00:00","dateModified":"2024-12-14T17:12:22+00:00","breadcrumb":{"@id":"https:\/\/efc-skola.sk\/produkt\/moje-prve-peniaze\/#breadcrumb"},"inLanguage":"en-GB","potentialAction":[{"@type":"ReadAction","target":["https:\/\/efc-skola.sk\/produkt\/moje-prve-peniaze\/"]}]},{"@type":"ImageObject","inLanguage":"en-GB","@id":"https:\/\/efc-skola.sk\/produkt\/moje-prve-peniaze\/#primaryimage","url":"https:\/\/efc-skola.sk\/wp-content\/uploads\/2023\/11\/moje-prve-peniaze.webp","contentUrl":"https:\/\/efc-skola.sk\/wp-content\/uploads\/2023\/11\/moje-prve-peniaze.webp","width":680,"height":440},{"@type":"BreadcrumbList","@id":"https:\/\/efc-skola.sk\/produkt\/moje-prve-peniaze\/#breadcrumb","itemListElement":[{"@type":"ListItem","position":1,"name":"\u00davod","item":"https:\/\/efc-skola.sk\/"},{"@type":"ListItem","position":2,"name":"Obchod","item":"https:\/\/efc-skola.sk\/obchod\/"},{"@type":"ListItem","position":3,"name":"Moje prv\u00e9 peniaze"}]},{"@type":"WebSite","@id":"https:\/\/efc-skola.sk\/#website","url":"https:\/\/efc-skola.sk\/","name":"EFC","description":"Financial Education Centre","publisher":{"@id":"https:\/\/efc-skola.sk\/#organization"},"potentialAction":[{"@type":"SearchAction","target":{"@type":"EntryPoint","urlTemplate":"https:\/\/efc-skola.sk\/?s={search_term_string}"},"query-input":{"@type":"PropertyValueSpecification","valueRequired":true,"valueName":"search_term_string"}}],"inLanguage":"en-GB"},{"@type":"Organization","@id":"https:\/\/efc-skola.sk\/#organization","name":"EFC","url":"https:\/\/efc-skola.sk\/","logo":{"@type":"ImageObject","inLanguage":"en-GB","@id":"https:\/\/efc-skola.sk\/#\/schema\/logo\/image\/","url":"https:\/\/efc-skola.sk\/wp-content\/uploads\/2023\/07\/mottotag28954.png","contentUrl":"https:\/\/efc-skola.sk\/wp-content\/uploads\/2023\/07\/mottotag28954.png","width":421,"height":420,"caption":"EFC"},"image":{"@id":"https:\/\/efc-skola.sk\/#\/schema\/logo\/image\/"},"sameAs":["https:\/\/www.instagram.com\/prosekuj\/"]}]}},"jetpack_publicize_connections":[],"jetpack_sharing_enabled":true,"_links":{"self":[{"href":"https:\/\/efc-skola.sk\/en\/wp-json\/wp\/v2\/product\/16269","targetHints":{"allow":["GET"]}}],"collection":[{"href":"https:\/\/efc-skola.sk\/en\/wp-json\/wp\/v2\/product"}],"about":[{"href":"https:\/\/efc-skola.sk\/en\/wp-json\/wp\/v2\/types\/product"}],"wp:featuredmedia":[{"embeddable":true,"href":"https:\/\/efc-skola.sk\/en\/wp-json\/wp\/v2\/media\/16430"}],"wp:attachment":[{"href":"https:\/\/efc-skola.sk\/en\/wp-json\/wp\/v2\/media?parent=16269"}],"wp:term":[{"taxonomy":"product_brand","embeddable":true,"href":"https:\/\/efc-skola.sk\/en\/wp-json\/wp\/v2\/product_brand?post=16269"},{"taxonomy":"product_cat","embeddable":true,"href":"https:\/\/efc-skola.sk\/en\/wp-json\/wp\/v2\/product_cat?post=16269"},{"taxonomy":"product_tag","embeddable":true,"href":"https:\/\/efc-skola.sk\/en\/wp-json\/wp\/v2\/product_tag?post=16269"}],"curies":[{"name":"wp","href":"https:\/\/api.w.org\/{rel}","templated":true}]}}