{"id":16270,"date":"2023-11-26T13:27:00","date_gmt":"2023-11-26T12:27:00","guid":{"rendered":"http:\/\/progresion"},"modified":"2024-12-14T18:12:22","modified_gmt":"2024-12-14T17:12:22","slug":"nase-peniaze-a-hodnoty","status":"publish","type":"product","link":"https:\/\/efc-skola.sk\/en\/product\/nase-peniaze-a-hodnoty\/","title":{"rendered":"Our money and values"},"content":{"rendered":"<p>Deti si za\u010dn\u00fa viac v\u00e1\u017ei\u0165 skuto\u010dn\u00e9 hodnoty v \u017eivote a pochopia, \u017ee peniaze s\u00fa len prostriedkom a nie \u017eivotn\u00fdm cie\u013eom. Deti pochopia <strong>funkcie b\u00e1nk, hodnotu pe\u0148az\u00ed, infl\u00e1ciu, invest\u00edcie a ochranu inform\u00e1ci\u00ed<\/strong> ktor\u00e9 zdie\u013eame na internete. Deti sa na kurze <strong>mimoriadne bavia<\/strong> preto\u017ee objavuj\u00fa ako funguje svet pe\u0148az\u00ed cez na\u0161u jedine\u010dn\u00fa online platformu s umelou inteligenciou.<br \/>\nKurzy s\u00fa <strong>online a na\u017eivo s lektorkou.<\/strong> Na konci kurzu ka\u017ed\u00e9 die\u0165a <strong>z\u00edska certifik\u00e1t o absolvovan\u00ed kurzu.<\/strong> Ve\u013emi dobr\u00fd kurz pre deti a mlad\u00fdch teenagerov, ktor\u00fd zv\u00fd\u0161i<strong> inteligenciu a podpor\u00ed sebad\u00f4veru.<\/strong><br \/>\n<br \/>\n<strong>September 2023<\/strong><\/p>\n<ul>\n<li><span style=\"font-weight: 400;\">SKUPINA A: Ka\u017ed\u00fd pondelok od\u00a0<strong>17:45-18:45 hod.<\/strong><\/span><\/li>\n<li><span style=\"font-weight: 400;\">SKUPINA A: Ka\u017ed\u00fd \u0161tvrtok od <strong>17:45-18:45 hod.<\/strong><\/span><\/li>\n<li>Duration: September - November<\/li>\n<li>Number of course hours: 10<\/li>\n<li>Take advantage of the 10% discount, only until the end of September!<\/li>\n<\/ul>\n<p><span style=\"font-weight: 400;\">\u2139\ufe0f A minimum of 5 registered children is required to open a group.<\/span><\/p>","protected":false},"excerpt":{"rendered":"<p><strong>&#8220;Mami, ako si m\u00e1m nejak\u00e9 peniaze u\u0161etri\u0165, ke\u010f v\u017edy v\u0161etko miniem? A chcem to\u013eko nov\u00fdch vec\u00ed, ktor\u00e9 kamar\u00e1ti u\u017e d\u00e1vno maj\u00fa!\u201c<\/strong><br \/>\nV\u00e1\u0161 syn \u010di dc\u00e9ra m\u00f4\u017eu by\u0165 pokojn\u00e9. Nielen, \u017ee im porad\u00edme, ako si <strong>peniaze odklada\u0165 a z\u00e1rove\u0148 sa z nich pote\u0161i\u0165<\/strong>, ale predstav\u00edme aj cool sp\u00f4soby, <strong>ako si va\u0161e deti m\u00f4\u017eu privyrobi\u0165.<\/strong> Deti sa na kurze nau\u010dia, \u017ee ke\u010f chc\u00fa viac pe\u0148az\u00ed je potrebn\u00e9 vynalo\u017ei\u0165 <strong>\u010das, energiu a zdrav\u00fd rozum \ud83d\ude42 .<\/strong><\/p>","protected":false},"featured_media":16427,"template":"","meta":{"jetpack_publicize_message":"","jetpack_publicize_feature_enabled":true,"jetpack_social_post_already_shared":false,"jetpack_social_options":{"image_generator_settings":{"template":"highway","default_image_id":0,"font":"","enabled":false},"version":2}},"product_brand":[],"product_cat":[193],"product_tag":[],"class_list":{"0":"post-16270","1":"product","2":"type-product","3":"status-publish","4":"has-post-thumbnail","6":"product_cat-online-kurzy","8":"first","9":"instock","10":"virtual","11":"product-type-simple"},"yoast_head":"<!-- This site is optimized with the Yoast SEO plugin v26.9 - https:\/\/yoast.com\/product\/yoast-seo-wordpress\/ -->\n<title>Na\u0161e peniaze a hodnoty - EFC<\/title>\n<meta name=\"robots\" content=\"index, follow, max-snippet:-1, max-image-preview:large, max-video-preview:-1\" \/>\n<link rel=\"canonical\" href=\"https:\/\/efc-skola.sk\/en\/product\/nase-peniaze-a-hodnoty\/\" \/>\n<meta property=\"og:locale\" content=\"en_GB\" \/>\n<meta property=\"og:type\" content=\"article\" \/>\n<meta property=\"og:title\" content=\"Na\u0161e peniaze a hodnoty - EFC\" \/>\n<meta property=\"og:description\" content=\"&quot;Mami, ako si m\u00e1m nejak\u00e9 peniaze u\u0161etri\u0165, ke\u010f v\u017edy v\u0161etko miniem? A chcem to\u013eko nov\u00fdch vec\u00ed, ktor\u00e9 kamar\u00e1ti u\u017e d\u00e1vno maj\u00fa!\u201c V\u00e1\u0161 syn \u010di dc\u00e9ra m\u00f4\u017eu by\u0165 pokojn\u00e9. Nielen, \u017ee im porad\u00edme, ako si peniaze odklada\u0165 a z\u00e1rove\u0148 sa z nich pote\u0161i\u0165, ale predstav\u00edme aj cool sp\u00f4soby, ako si va\u0161e deti m\u00f4\u017eu privyrobi\u0165. Deti sa na kurze nau\u010dia, \u017ee ke\u010f chc\u00fa viac pe\u0148az\u00ed je potrebn\u00e9 vynalo\u017ei\u0165 \u010das, energiu a zdrav\u00fd rozum :) .\" \/>\n<meta property=\"og:url\" content=\"https:\/\/efc-skola.sk\/en\/product\/nase-peniaze-a-hodnoty\/\" \/>\n<meta property=\"og:site_name\" content=\"EFC\" \/>\n<meta property=\"article:modified_time\" content=\"2024-12-14T17:12:22+00:00\" \/>\n<meta property=\"og:image\" content=\"https:\/\/efc-skola.sk\/wp-content\/uploads\/2023\/11\/kurzefcdionveiuvber.webp\" \/>\n\t<meta property=\"og:image:width\" content=\"1280\" \/>\n\t<meta property=\"og:image:height\" content=\"854\" \/>\n\t<meta property=\"og:image:type\" content=\"image\/webp\" \/>\n<meta name=\"twitter:card\" content=\"summary_large_image\" \/>\n<meta name=\"twitter:label1\" content=\"Estimated reading time\" \/>\n\t<meta name=\"twitter:data1\" content=\"1 minute\" \/>\n<script type=\"application\/ld+json\" class=\"yoast-schema-graph\">{\"@context\":\"https:\/\/schema.org\",\"@graph\":[{\"@type\":\"WebPage\",\"@id\":\"https:\/\/efc-skola.sk\/produkt\/nase-peniaze-a-hodnoty\/\",\"url\":\"https:\/\/efc-skola.sk\/produkt\/nase-peniaze-a-hodnoty\/\",\"name\":\"Na\u0161e peniaze a hodnoty - EFC\",\"isPartOf\":{\"@id\":\"https:\/\/efc-skola.sk\/#website\"},\"primaryImageOfPage\":{\"@id\":\"https:\/\/efc-skola.sk\/produkt\/nase-peniaze-a-hodnoty\/#primaryimage\"},\"image\":{\"@id\":\"https:\/\/efc-skola.sk\/produkt\/nase-peniaze-a-hodnoty\/#primaryimage\"},\"thumbnailUrl\":\"https:\/\/efc-skola.sk\/wp-content\/uploads\/2023\/11\/kurzefcdionveiuvber.webp\",\"datePublished\":\"2023-11-26T12:27:00+00:00\",\"dateModified\":\"2024-12-14T17:12:22+00:00\",\"breadcrumb\":{\"@id\":\"https:\/\/efc-skola.sk\/produkt\/nase-peniaze-a-hodnoty\/#breadcrumb\"},\"inLanguage\":\"en-GB\",\"potentialAction\":[{\"@type\":\"ReadAction\",\"target\":[\"https:\/\/efc-skola.sk\/produkt\/nase-peniaze-a-hodnoty\/\"]}]},{\"@type\":\"ImageObject\",\"inLanguage\":\"en-GB\",\"@id\":\"https:\/\/efc-skola.sk\/produkt\/nase-peniaze-a-hodnoty\/#primaryimage\",\"url\":\"https:\/\/efc-skola.sk\/wp-content\/uploads\/2023\/11\/kurzefcdionveiuvber.webp\",\"contentUrl\":\"https:\/\/efc-skola.sk\/wp-content\/uploads\/2023\/11\/kurzefcdionveiuvber.webp\",\"width\":1280,\"height\":854},{\"@type\":\"BreadcrumbList\",\"@id\":\"https:\/\/efc-skola.sk\/produkt\/nase-peniaze-a-hodnoty\/#breadcrumb\",\"itemListElement\":[{\"@type\":\"ListItem\",\"position\":1,\"name\":\"\u00davod\",\"item\":\"https:\/\/efc-skola.sk\/\"},{\"@type\":\"ListItem\",\"position\":2,\"name\":\"Obchod\",\"item\":\"https:\/\/efc-skola.sk\/obchod\/\"},{\"@type\":\"ListItem\",\"position\":3,\"name\":\"Na\u0161e peniaze a hodnoty\"}]},{\"@type\":\"WebSite\",\"@id\":\"https:\/\/efc-skola.sk\/#website\",\"url\":\"https:\/\/efc-skola.sk\/\",\"name\":\"EFC\",\"description\":\"Centrum finan\u010dn\u00e9ho vzdelania\",\"publisher\":{\"@id\":\"https:\/\/efc-skola.sk\/#organization\"},\"potentialAction\":[{\"@type\":\"SearchAction\",\"target\":{\"@type\":\"EntryPoint\",\"urlTemplate\":\"https:\/\/efc-skola.sk\/?s={search_term_string}\"},\"query-input\":{\"@type\":\"PropertyValueSpecification\",\"valueRequired\":true,\"valueName\":\"search_term_string\"}}],\"inLanguage\":\"en-GB\"},{\"@type\":\"Organization\",\"@id\":\"https:\/\/efc-skola.sk\/#organization\",\"name\":\"EFC\",\"url\":\"https:\/\/efc-skola.sk\/\",\"logo\":{\"@type\":\"ImageObject\",\"inLanguage\":\"en-GB\",\"@id\":\"https:\/\/efc-skola.sk\/#\/schema\/logo\/image\/\",\"url\":\"https:\/\/efc-skola.sk\/wp-content\/uploads\/2023\/07\/mottotag28954.png\",\"contentUrl\":\"https:\/\/efc-skola.sk\/wp-content\/uploads\/2023\/07\/mottotag28954.png\",\"width\":421,\"height\":420,\"caption\":\"EFC\"},\"image\":{\"@id\":\"https:\/\/efc-skola.sk\/#\/schema\/logo\/image\/\"},\"sameAs\":[\"https:\/\/www.instagram.com\/prosekuj\/\"]}]}<\/script>\n<!-- \/ Yoast SEO plugin. -->","yoast_head_json":{"title":"Na\u0161e peniaze a hodnoty - EFC","robots":{"index":"index","follow":"follow","max-snippet":"max-snippet:-1","max-image-preview":"max-image-preview:large","max-video-preview":"max-video-preview:-1"},"canonical":"https:\/\/efc-skola.sk\/en\/product\/nase-peniaze-a-hodnoty\/","og_locale":"en_GB","og_type":"article","og_title":"Na\u0161e peniaze a hodnoty - EFC","og_description":"\"Mami, ako si m\u00e1m nejak\u00e9 peniaze u\u0161etri\u0165, ke\u010f v\u017edy v\u0161etko miniem? A chcem to\u013eko nov\u00fdch vec\u00ed, ktor\u00e9 kamar\u00e1ti u\u017e d\u00e1vno maj\u00fa!\u201c V\u00e1\u0161 syn \u010di dc\u00e9ra m\u00f4\u017eu by\u0165 pokojn\u00e9. Nielen, \u017ee im porad\u00edme, ako si peniaze odklada\u0165 a z\u00e1rove\u0148 sa z nich pote\u0161i\u0165, ale predstav\u00edme aj cool sp\u00f4soby, ako si va\u0161e deti m\u00f4\u017eu privyrobi\u0165. Deti sa na kurze nau\u010dia, \u017ee ke\u010f chc\u00fa viac pe\u0148az\u00ed je potrebn\u00e9 vynalo\u017ei\u0165 \u010das, energiu a zdrav\u00fd rozum :) .","og_url":"https:\/\/efc-skola.sk\/en\/product\/nase-peniaze-a-hodnoty\/","og_site_name":"EFC","article_modified_time":"2024-12-14T17:12:22+00:00","og_image":[{"width":1280,"height":854,"url":"https:\/\/efc-skola.sk\/wp-content\/uploads\/2023\/11\/kurzefcdionveiuvber.webp","type":"image\/webp"}],"twitter_card":"summary_large_image","twitter_misc":{"Estimated reading time":"1 minute"},"schema":{"@context":"https:\/\/schema.org","@graph":[{"@type":"WebPage","@id":"https:\/\/efc-skola.sk\/produkt\/nase-peniaze-a-hodnoty\/","url":"https:\/\/efc-skola.sk\/produkt\/nase-peniaze-a-hodnoty\/","name":"Na\u0161e peniaze a hodnoty - EFC","isPartOf":{"@id":"https:\/\/efc-skola.sk\/#website"},"primaryImageOfPage":{"@id":"https:\/\/efc-skola.sk\/produkt\/nase-peniaze-a-hodnoty\/#primaryimage"},"image":{"@id":"https:\/\/efc-skola.sk\/produkt\/nase-peniaze-a-hodnoty\/#primaryimage"},"thumbnailUrl":"https:\/\/efc-skola.sk\/wp-content\/uploads\/2023\/11\/kurzefcdionveiuvber.webp","datePublished":"2023-11-26T12:27:00+00:00","dateModified":"2024-12-14T17:12:22+00:00","breadcrumb":{"@id":"https:\/\/efc-skola.sk\/produkt\/nase-peniaze-a-hodnoty\/#breadcrumb"},"inLanguage":"en-GB","potentialAction":[{"@type":"ReadAction","target":["https:\/\/efc-skola.sk\/produkt\/nase-peniaze-a-hodnoty\/"]}]},{"@type":"ImageObject","inLanguage":"en-GB","@id":"https:\/\/efc-skola.sk\/produkt\/nase-peniaze-a-hodnoty\/#primaryimage","url":"https:\/\/efc-skola.sk\/wp-content\/uploads\/2023\/11\/kurzefcdionveiuvber.webp","contentUrl":"https:\/\/efc-skola.sk\/wp-content\/uploads\/2023\/11\/kurzefcdionveiuvber.webp","width":1280,"height":854},{"@type":"BreadcrumbList","@id":"https:\/\/efc-skola.sk\/produkt\/nase-peniaze-a-hodnoty\/#breadcrumb","itemListElement":[{"@type":"ListItem","position":1,"name":"\u00davod","item":"https:\/\/efc-skola.sk\/"},{"@type":"ListItem","position":2,"name":"Obchod","item":"https:\/\/efc-skola.sk\/obchod\/"},{"@type":"ListItem","position":3,"name":"Na\u0161e peniaze a hodnoty"}]},{"@type":"WebSite","@id":"https:\/\/efc-skola.sk\/#website","url":"https:\/\/efc-skola.sk\/","name":"EFC","description":"Financial Education Centre","publisher":{"@id":"https:\/\/efc-skola.sk\/#organization"},"potentialAction":[{"@type":"SearchAction","target":{"@type":"EntryPoint","urlTemplate":"https:\/\/efc-skola.sk\/?s={search_term_string}"},"query-input":{"@type":"PropertyValueSpecification","valueRequired":true,"valueName":"search_term_string"}}],"inLanguage":"en-GB"},{"@type":"Organization","@id":"https:\/\/efc-skola.sk\/#organization","name":"EFC","url":"https:\/\/efc-skola.sk\/","logo":{"@type":"ImageObject","inLanguage":"en-GB","@id":"https:\/\/efc-skola.sk\/#\/schema\/logo\/image\/","url":"https:\/\/efc-skola.sk\/wp-content\/uploads\/2023\/07\/mottotag28954.png","contentUrl":"https:\/\/efc-skola.sk\/wp-content\/uploads\/2023\/07\/mottotag28954.png","width":421,"height":420,"caption":"EFC"},"image":{"@id":"https:\/\/efc-skola.sk\/#\/schema\/logo\/image\/"},"sameAs":["https:\/\/www.instagram.com\/prosekuj\/"]}]}},"jetpack_publicize_connections":[],"jetpack_sharing_enabled":true,"_links":{"self":[{"href":"https:\/\/efc-skola.sk\/en\/wp-json\/wp\/v2\/product\/16270","targetHints":{"allow":["GET"]}}],"collection":[{"href":"https:\/\/efc-skola.sk\/en\/wp-json\/wp\/v2\/product"}],"about":[{"href":"https:\/\/efc-skola.sk\/en\/wp-json\/wp\/v2\/types\/product"}],"wp:featuredmedia":[{"embeddable":true,"href":"https:\/\/efc-skola.sk\/en\/wp-json\/wp\/v2\/media\/16427"}],"wp:attachment":[{"href":"https:\/\/efc-skola.sk\/en\/wp-json\/wp\/v2\/media?parent=16270"}],"wp:term":[{"taxonomy":"product_brand","embeddable":true,"href":"https:\/\/efc-skola.sk\/en\/wp-json\/wp\/v2\/product_brand?post=16270"},{"taxonomy":"product_cat","embeddable":true,"href":"https:\/\/efc-skola.sk\/en\/wp-json\/wp\/v2\/product_cat?post=16270"},{"taxonomy":"product_tag","embeddable":true,"href":"https:\/\/efc-skola.sk\/en\/wp-json\/wp\/v2\/product_tag?post=16270"}],"curies":[{"name":"wp","href":"https:\/\/api.w.org\/{rel}","templated":true}]}}