{"id":16271,"date":"2023-11-26T13:27:00","date_gmt":"2023-11-26T12:27:00","guid":{"rendered":"http:\/\/progresion"},"modified":"2024-12-14T18:12:22","modified_gmt":"2024-12-14T17:12:22","slug":"biznis-a-peniaze","status":"publish","type":"product","link":"https:\/\/efc-skola.sk\/en\/product\/biznis-a-peniaze\/","title":{"rendered":"Business and money"},"content":{"rendered":"<p>Nau\u010d\u00edme \u0165a, ako <strong>hospod\u00e1ri\u0165<\/strong> a vysvetl\u00edme ti ako funguje <strong>investovanie<\/strong>. Zist\u00ed\u0161, ako rozbehn\u00fa\u0165 <strong>vlastn\u00fd biznis,<\/strong> ako na marketing a na\u010do si da\u0165 pozor pri r\u00fdchlych <strong>p\u00f4\u017ei\u010dk\u00e1ch<\/strong>. Ty si \u0161\u00e9f a peniaze s\u00fa tvoji zamestnanci. Kurzy s\u00fa <strong>online so \u017eivou lektorkou.<\/strong><br \/>\nNa\u0161e kurzy ocenili aj najv\u00e4\u010d\u0161\u00ed <strong>teenagersk\u00ed kritici<\/strong>, ktor\u00ed vraj u\u017e v\u0161etko videli a za\u017eili. Ak st\u00e1le rozm\u00fd\u0161\u013ea\u0161, pre\u010d\u00edtaj si <a href=\"https:\/\/efc-skola.sk\/en\/#recenzie\">recenzie<\/a> od na\u0161ich \u0161tudentov. Na konci kurzu z\u00edska\u0161 od n\u00e1s <strong>certifik\u00e1t<\/strong> \u2013 vynikaj\u00faca pr\u00edloha k tvojmu <strong>\u017eivotopisu<\/strong> or <strong>prihl\u00e1\u0161ke<\/strong> na <strong>stredn\u00fa<\/strong> \u010di <strong>vysok\u00fa \u0161kolu.<\/strong><br \/>\nM\u00e1\u0161 \u0161ancu absolvova\u0165 super kurz <strong>BIZNIS A PENIAZE<\/strong> kde z\u00edska\u0161 preh\u013ead <strong>o financi\u00e1ch, vedomosti, in\u0161pir\u00e1ciu a povzbudenie<\/strong> pre tvoje n\u00e1pady. Kopa nov\u00fdch kamo\u0161ov, ktor\u00ed chc\u00fa by\u0165 \u00faspe\u0161n\u00ed a u\u017e\u00edva\u0165 si \u017eivot, to v\u0161etko za\u017eij\u00fa s tebou. <strong>Prihl\u00e1s sa a daj upgrade v\u0161etk\u00e9mu, \u010do \u0165a bav\u00ed!<\/strong><br \/>\n<br \/>\n<strong>September 2023<\/strong><\/p>\n<ul>\n<li><span style=\"font-weight: 400;\">SKUPINA A) Ka\u017ed\u00fd pondelok o <strong>19:00 - 20:00<\/strong><\/span><\/li>\n<li>SKUPINA B) Ka\u017ed\u00fd \u0161tvrtok o <span style=\"font-weight: 400;\"><strong>19:00 - 20:00<\/strong><\/span><\/li>\n<li>SKUPINA C) Ka\u017ed\u00fa nede\u013eu o \u00a0<strong>16:30 &#8211; 17:30 hod.\u00a0<\/strong><\/li>\n<li>Duration: September - November<\/li>\n<li>Number of course hours: 10<\/li>\n<li>Take advantage of the 10% discount, only until the end of September!<\/li>\n<\/ul>\n<p><span style=\"font-weight: 400;\">\u2139\ufe0f Na otvorenie skupiny je potrebn\u00fdch minim\u00e1lne 5 prihl\u00e1sen\u00fdch \u00fa\u010dastn\u00edkov.<\/span><\/p>","protected":false},"excerpt":{"rendered":"<p><strong>Ko\u013eko treba pracova\u0165 na nov\u00fd mobil? Ako sa zar\u00e1ba na Youtube a z \u010doho \u017eij\u00fa influenceri? Ako sa d\u00e1 osamostatni\u0165 od rodi\u010dov? Ako je to s kryptomenami? Sn\u00edva\u0161 o slobode, ale bez pe\u0148az\u00ed je to \u0165a\u017ek\u00e9?<\/strong><br \/>\nAk aj ty m\u00e1\u0161 podobn\u00e9 my\u0161lienky, v\u0161etko je v poriadku. Na na\u0161om kurze Biznis&amp;Peniaze \u0165a zorientujeme v tom, ako si m\u00f4\u017ee\u0161 peniaze zarobi\u0165, spori\u0165 a z\u00e1rove\u0148 u\u017e\u00edva\u0165 slobodu. Rozpo\u010det bude tvoja tajn\u00e1 zbra\u0148 a ka\u017ed\u00e9 jedno euro bude pracova\u0165 pre teba. Kurz je anglicko-slovensk\u00fd, tak\u017ee m\u00e1\u0161 \u0161ancu zlep\u0161i\u0165 aj svoju business English!<\/p>","protected":false},"featured_media":16370,"template":"","meta":{"jetpack_publicize_message":"","jetpack_publicize_feature_enabled":true,"jetpack_social_post_already_shared":false,"jetpack_social_options":{"image_generator_settings":{"template":"highway","default_image_id":0,"font":"","enabled":false},"version":2}},"product_brand":[],"product_cat":[193],"product_tag":[],"class_list":{"0":"post-16271","1":"product","2":"type-product","3":"status-publish","4":"has-post-thumbnail","6":"product_cat-online-kurzy","8":"first","9":"instock","10":"virtual","11":"product-type-simple"},"yoast_head":"<!-- This site is optimized with the Yoast SEO plugin v26.9 - https:\/\/yoast.com\/product\/yoast-seo-wordpress\/ -->\n<title>Biznis a peniaze - EFC<\/title>\n<meta name=\"robots\" content=\"index, follow, max-snippet:-1, max-image-preview:large, max-video-preview:-1\" \/>\n<link rel=\"canonical\" href=\"https:\/\/efc-skola.sk\/en\/product\/biznis-a-peniaze\/\" \/>\n<meta property=\"og:locale\" content=\"en_GB\" \/>\n<meta property=\"og:type\" content=\"article\" \/>\n<meta property=\"og:title\" content=\"Biznis a peniaze - EFC\" \/>\n<meta property=\"og:description\" content=\"Ko\u013eko treba pracova\u0165 na nov\u00fd mobil? Ako sa zar\u00e1ba na Youtube a z \u010doho \u017eij\u00fa influenceri? Ako sa d\u00e1 osamostatni\u0165 od rodi\u010dov? Ako je to s kryptomenami? Sn\u00edva\u0161 o slobode, ale bez pe\u0148az\u00ed je to \u0165a\u017ek\u00e9? Ak aj ty m\u00e1\u0161 podobn\u00e9 my\u0161lienky, v\u0161etko je v poriadku. Na na\u0161om kurze Biznis&amp;Peniaze \u0165a zorientujeme v tom, ako si m\u00f4\u017ee\u0161 peniaze zarobi\u0165, spori\u0165 a z\u00e1rove\u0148 u\u017e\u00edva\u0165 slobodu. Rozpo\u010det bude tvoja tajn\u00e1 zbra\u0148 a ka\u017ed\u00e9 jedno euro bude pracova\u0165 pre teba. Kurz je anglicko-slovensk\u00fd, tak\u017ee m\u00e1\u0161 \u0161ancu zlep\u0161i\u0165 aj svoju business English!\" \/>\n<meta property=\"og:url\" content=\"https:\/\/efc-skola.sk\/en\/product\/biznis-a-peniaze\/\" \/>\n<meta property=\"og:site_name\" content=\"EFC\" \/>\n<meta property=\"article:modified_time\" content=\"2024-12-14T17:12:22+00:00\" \/>\n<meta property=\"og:image\" content=\"https:\/\/efc-skola.sk\/wp-content\/uploads\/2023\/11\/biznis-a-peniaze.webp\" \/>\n\t<meta property=\"og:image:width\" content=\"680\" \/>\n\t<meta property=\"og:image:height\" content=\"440\" \/>\n\t<meta property=\"og:image:type\" content=\"image\/webp\" \/>\n<meta name=\"twitter:card\" content=\"summary_large_image\" \/>\n<meta name=\"twitter:label1\" content=\"Estimated reading time\" \/>\n\t<meta name=\"twitter:data1\" content=\"2 minutes\" \/>\n<script type=\"application\/ld+json\" class=\"yoast-schema-graph\">{\"@context\":\"https:\/\/schema.org\",\"@graph\":[{\"@type\":\"WebPage\",\"@id\":\"https:\/\/efc-skola.sk\/produkt\/biznis-a-peniaze\/\",\"url\":\"https:\/\/efc-skola.sk\/produkt\/biznis-a-peniaze\/\",\"name\":\"Biznis a peniaze - EFC\",\"isPartOf\":{\"@id\":\"https:\/\/efc-skola.sk\/#website\"},\"primaryImageOfPage\":{\"@id\":\"https:\/\/efc-skola.sk\/produkt\/biznis-a-peniaze\/#primaryimage\"},\"image\":{\"@id\":\"https:\/\/efc-skola.sk\/produkt\/biznis-a-peniaze\/#primaryimage\"},\"thumbnailUrl\":\"https:\/\/efc-skola.sk\/wp-content\/uploads\/2023\/11\/biznis-a-peniaze.webp\",\"datePublished\":\"2023-11-26T12:27:00+00:00\",\"dateModified\":\"2024-12-14T17:12:22+00:00\",\"breadcrumb\":{\"@id\":\"https:\/\/efc-skola.sk\/produkt\/biznis-a-peniaze\/#breadcrumb\"},\"inLanguage\":\"en-GB\",\"potentialAction\":[{\"@type\":\"ReadAction\",\"target\":[\"https:\/\/efc-skola.sk\/produkt\/biznis-a-peniaze\/\"]}]},{\"@type\":\"ImageObject\",\"inLanguage\":\"en-GB\",\"@id\":\"https:\/\/efc-skola.sk\/produkt\/biznis-a-peniaze\/#primaryimage\",\"url\":\"https:\/\/efc-skola.sk\/wp-content\/uploads\/2023\/11\/biznis-a-peniaze.webp\",\"contentUrl\":\"https:\/\/efc-skola.sk\/wp-content\/uploads\/2023\/11\/biznis-a-peniaze.webp\",\"width\":680,\"height\":440},{\"@type\":\"BreadcrumbList\",\"@id\":\"https:\/\/efc-skola.sk\/produkt\/biznis-a-peniaze\/#breadcrumb\",\"itemListElement\":[{\"@type\":\"ListItem\",\"position\":1,\"name\":\"\u00davod\",\"item\":\"https:\/\/efc-skola.sk\/\"},{\"@type\":\"ListItem\",\"position\":2,\"name\":\"Obchod\",\"item\":\"https:\/\/efc-skola.sk\/obchod\/\"},{\"@type\":\"ListItem\",\"position\":3,\"name\":\"Biznis a peniaze\"}]},{\"@type\":\"WebSite\",\"@id\":\"https:\/\/efc-skola.sk\/#website\",\"url\":\"https:\/\/efc-skola.sk\/\",\"name\":\"EFC\",\"description\":\"Centrum finan\u010dn\u00e9ho vzdelania\",\"publisher\":{\"@id\":\"https:\/\/efc-skola.sk\/#organization\"},\"potentialAction\":[{\"@type\":\"SearchAction\",\"target\":{\"@type\":\"EntryPoint\",\"urlTemplate\":\"https:\/\/efc-skola.sk\/?s={search_term_string}\"},\"query-input\":{\"@type\":\"PropertyValueSpecification\",\"valueRequired\":true,\"valueName\":\"search_term_string\"}}],\"inLanguage\":\"en-GB\"},{\"@type\":\"Organization\",\"@id\":\"https:\/\/efc-skola.sk\/#organization\",\"name\":\"EFC\",\"url\":\"https:\/\/efc-skola.sk\/\",\"logo\":{\"@type\":\"ImageObject\",\"inLanguage\":\"en-GB\",\"@id\":\"https:\/\/efc-skola.sk\/#\/schema\/logo\/image\/\",\"url\":\"https:\/\/efc-skola.sk\/wp-content\/uploads\/2023\/07\/mottotag28954.png\",\"contentUrl\":\"https:\/\/efc-skola.sk\/wp-content\/uploads\/2023\/07\/mottotag28954.png\",\"width\":421,\"height\":420,\"caption\":\"EFC\"},\"image\":{\"@id\":\"https:\/\/efc-skola.sk\/#\/schema\/logo\/image\/\"},\"sameAs\":[\"https:\/\/www.instagram.com\/prosekuj\/\"]}]}<\/script>\n<!-- \/ Yoast SEO plugin. -->","yoast_head_json":{"title":"Biznis a peniaze - EFC","robots":{"index":"index","follow":"follow","max-snippet":"max-snippet:-1","max-image-preview":"max-image-preview:large","max-video-preview":"max-video-preview:-1"},"canonical":"https:\/\/efc-skola.sk\/en\/product\/biznis-a-peniaze\/","og_locale":"en_GB","og_type":"article","og_title":"Biznis a peniaze - EFC","og_description":"Ko\u013eko treba pracova\u0165 na nov\u00fd mobil? Ako sa zar\u00e1ba na Youtube a z \u010doho \u017eij\u00fa influenceri? Ako sa d\u00e1 osamostatni\u0165 od rodi\u010dov? Ako je to s kryptomenami? Sn\u00edva\u0161 o slobode, ale bez pe\u0148az\u00ed je to \u0165a\u017ek\u00e9? Ak aj ty m\u00e1\u0161 podobn\u00e9 my\u0161lienky, v\u0161etko je v poriadku. Na na\u0161om kurze Biznis&amp;Peniaze \u0165a zorientujeme v tom, ako si m\u00f4\u017ee\u0161 peniaze zarobi\u0165, spori\u0165 a z\u00e1rove\u0148 u\u017e\u00edva\u0165 slobodu. Rozpo\u010det bude tvoja tajn\u00e1 zbra\u0148 a ka\u017ed\u00e9 jedno euro bude pracova\u0165 pre teba. Kurz je anglicko-slovensk\u00fd, tak\u017ee m\u00e1\u0161 \u0161ancu zlep\u0161i\u0165 aj svoju business English!","og_url":"https:\/\/efc-skola.sk\/en\/product\/biznis-a-peniaze\/","og_site_name":"EFC","article_modified_time":"2024-12-14T17:12:22+00:00","og_image":[{"width":680,"height":440,"url":"https:\/\/efc-skola.sk\/wp-content\/uploads\/2023\/11\/biznis-a-peniaze.webp","type":"image\/webp"}],"twitter_card":"summary_large_image","twitter_misc":{"Estimated reading time":"2 minutes"},"schema":{"@context":"https:\/\/schema.org","@graph":[{"@type":"WebPage","@id":"https:\/\/efc-skola.sk\/produkt\/biznis-a-peniaze\/","url":"https:\/\/efc-skola.sk\/produkt\/biznis-a-peniaze\/","name":"Biznis a peniaze - EFC","isPartOf":{"@id":"https:\/\/efc-skola.sk\/#website"},"primaryImageOfPage":{"@id":"https:\/\/efc-skola.sk\/produkt\/biznis-a-peniaze\/#primaryimage"},"image":{"@id":"https:\/\/efc-skola.sk\/produkt\/biznis-a-peniaze\/#primaryimage"},"thumbnailUrl":"https:\/\/efc-skola.sk\/wp-content\/uploads\/2023\/11\/biznis-a-peniaze.webp","datePublished":"2023-11-26T12:27:00+00:00","dateModified":"2024-12-14T17:12:22+00:00","breadcrumb":{"@id":"https:\/\/efc-skola.sk\/produkt\/biznis-a-peniaze\/#breadcrumb"},"inLanguage":"en-GB","potentialAction":[{"@type":"ReadAction","target":["https:\/\/efc-skola.sk\/produkt\/biznis-a-peniaze\/"]}]},{"@type":"ImageObject","inLanguage":"en-GB","@id":"https:\/\/efc-skola.sk\/produkt\/biznis-a-peniaze\/#primaryimage","url":"https:\/\/efc-skola.sk\/wp-content\/uploads\/2023\/11\/biznis-a-peniaze.webp","contentUrl":"https:\/\/efc-skola.sk\/wp-content\/uploads\/2023\/11\/biznis-a-peniaze.webp","width":680,"height":440},{"@type":"BreadcrumbList","@id":"https:\/\/efc-skola.sk\/produkt\/biznis-a-peniaze\/#breadcrumb","itemListElement":[{"@type":"ListItem","position":1,"name":"\u00davod","item":"https:\/\/efc-skola.sk\/"},{"@type":"ListItem","position":2,"name":"Obchod","item":"https:\/\/efc-skola.sk\/obchod\/"},{"@type":"ListItem","position":3,"name":"Biznis a peniaze"}]},{"@type":"WebSite","@id":"https:\/\/efc-skola.sk\/#website","url":"https:\/\/efc-skola.sk\/","name":"EFC","description":"Financial Education Centre","publisher":{"@id":"https:\/\/efc-skola.sk\/#organization"},"potentialAction":[{"@type":"SearchAction","target":{"@type":"EntryPoint","urlTemplate":"https:\/\/efc-skola.sk\/?s={search_term_string}"},"query-input":{"@type":"PropertyValueSpecification","valueRequired":true,"valueName":"search_term_string"}}],"inLanguage":"en-GB"},{"@type":"Organization","@id":"https:\/\/efc-skola.sk\/#organization","name":"EFC","url":"https:\/\/efc-skola.sk\/","logo":{"@type":"ImageObject","inLanguage":"en-GB","@id":"https:\/\/efc-skola.sk\/#\/schema\/logo\/image\/","url":"https:\/\/efc-skola.sk\/wp-content\/uploads\/2023\/07\/mottotag28954.png","contentUrl":"https:\/\/efc-skola.sk\/wp-content\/uploads\/2023\/07\/mottotag28954.png","width":421,"height":420,"caption":"EFC"},"image":{"@id":"https:\/\/efc-skola.sk\/#\/schema\/logo\/image\/"},"sameAs":["https:\/\/www.instagram.com\/prosekuj\/"]}]}},"jetpack_publicize_connections":[],"jetpack_sharing_enabled":true,"_links":{"self":[{"href":"https:\/\/efc-skola.sk\/en\/wp-json\/wp\/v2\/product\/16271","targetHints":{"allow":["GET"]}}],"collection":[{"href":"https:\/\/efc-skola.sk\/en\/wp-json\/wp\/v2\/product"}],"about":[{"href":"https:\/\/efc-skola.sk\/en\/wp-json\/wp\/v2\/types\/product"}],"wp:featuredmedia":[{"embeddable":true,"href":"https:\/\/efc-skola.sk\/en\/wp-json\/wp\/v2\/media\/16370"}],"wp:attachment":[{"href":"https:\/\/efc-skola.sk\/en\/wp-json\/wp\/v2\/media?parent=16271"}],"wp:term":[{"taxonomy":"product_brand","embeddable":true,"href":"https:\/\/efc-skola.sk\/en\/wp-json\/wp\/v2\/product_brand?post=16271"},{"taxonomy":"product_cat","embeddable":true,"href":"https:\/\/efc-skola.sk\/en\/wp-json\/wp\/v2\/product_cat?post=16271"},{"taxonomy":"product_tag","embeddable":true,"href":"https:\/\/efc-skola.sk\/en\/wp-json\/wp\/v2\/product_tag?post=16271"}],"curies":[{"name":"wp","href":"https:\/\/api.w.org\/{rel}","templated":true}]}}