{"id":16272,"date":"2023-11-26T13:27:00","date_gmt":"2023-11-26T12:27:00","guid":{"rendered":"http:\/\/progresion"},"modified":"2024-12-14T18:12:23","modified_gmt":"2024-12-14T17:12:23","slug":"mlady-podnikatel","status":"publish","type":"product","link":"https:\/\/efc-skola.sk\/en\/product\/mlady-podnikatel\/","title":{"rendered":"Young entrepreneur"},"content":{"rendered":"<p>S\u00e1m zist\u00ed\u0161, ak\u00e9 je d\u00f4le\u017eit\u00e9 by\u0165 zodpovedn\u00fd. Ak chce\u0161 podnika\u0165, st\u00e1va\u0161 sa nov\u00fdm \u010dlovekom \u2013 <strong>podnikate\u013eom<\/strong>. Z\u00edska\u0161 <strong>odvahu<\/strong>, <strong>vytrvalos\u0165<\/strong> a <strong>discipl\u00ednu<\/strong> a pri tom sa venuje\u0161 tomu, \u010do \u0165a najviac bav\u00ed.<br \/>\nKurzy s\u00fa <strong>online so \u017eivou lektorkou.<\/strong> \u0160tudenti tento kurz zbo\u017e\u0148uj\u00fa hlave pre to, \u017ee maj\u00fa priestor vym\u00fd\u0161\u013ea\u0165 a tvori\u0165 biznis z nie\u010doho, \u010di ich in\u0161piruje vo vo\u013enom \u010dase. Je \u00fa\u017easn\u00e9, ke\u010f tvoje <strong>hobby prin\u00e1\u0161aj\u00fa peniaze!<\/strong><br \/>\nNa konci kurzu z\u00edska\u0161 <strong>certifik\u00e1t od EFC<\/strong> \u2013 vynikaj\u00faca pr\u00edloha k tvojmu <strong>\u017eivotopisu<\/strong> alebo k <strong>prihl\u00e1\u0161ke<\/strong> na stredn\u00fa \u010di vysok\u00fa \u0161kolu. Vysk\u00fa\u0161aj tento kurz pln\u00fd in\u0161pir\u00e1cie, motiv\u00e1cie a hlavne konkr\u00e9tnych inform\u00e1ci\u00ed pre tvoje <strong>vlastn\u00e9 podnikanie.<\/strong> Te\u0161\u00edme sa na teba!<br \/>\n<br \/>\n<strong>September 2023<\/strong><\/p>\n<ul>\n<li><span style=\"font-weight: 400;\">GROUP A). <strong>Tuesday<\/strong> From <strong>18:00-19:00 hod.<\/strong><\/span><\/li>\n<li><span style=\"font-weight: 400;\">GROUP B). <strong>Wednesday<\/strong> From <strong>18:00-19:00 hod.<\/strong><\/span><\/li>\n<li>SKUPINA C): Ka\u017ed\u00fa <strong>nede\u013eu<\/strong> From <strong>17:45 &#8211; 18:45 hod.\u00a0<\/strong><\/li>\n<li>Duration: September - November<\/li>\n<li>Number of course hours: 10<\/li>\n<li>Take advantage of the 10% discount, only until the end of September!<\/li>\n<\/ul>\n<ul>\n<li style=\"list-style-type: none;\"><\/li>\n<\/ul>\n<p><span style=\"font-weight: 400;\">\u2139\ufe0f A minimum of 5 registered participants is required to open a group.<\/span><\/p>","protected":false},"excerpt":{"rendered":"<p><strong>&#8220;M\u00e1m dobr\u00e9 n\u00e1pady a bav\u00ed ma vym\u00fd\u0161\u013ea\u0165 nov\u00e9 veci. Ale ako z toho spravi\u0165 vlastn\u00fd biznis ? A fungovalo by to v\u00f4bec?\u201c<\/strong><br \/>\nNa tieto ot\u00e1zky si bude\u0161 vedie\u0165 odpoveda\u0165 aj s\u00e1m, po kurze pre mlad\u00fdch podnikate\u013eov. Z tvojich vlastn\u00fdch n\u00e1padov spolo\u010dne sprav\u00edme podnikate\u013esk\u00fd pl\u00e1n. Zist\u00edme, kto by tvoj produkt alebo slu\u017ebu najviac vyu\u017eil a spolu s tebou vymysl\u00edme aj reklamn\u00fa strat\u00e9giu pre tvoj biznis! Nau\u010d\u00edme \u0165a, ako si zalo\u017ei\u0165 \u017eivnos\u0165 alebo s.r.o. a ak\u00e9 m\u00e1\u0161 povinnosti vo\u010di \u0161t\u00e1tu.<\/p>","protected":false},"featured_media":16429,"template":"","meta":{"jetpack_publicize_message":"","jetpack_publicize_feature_enabled":true,"jetpack_social_post_already_shared":false,"jetpack_social_options":{"image_generator_settings":{"template":"highway","default_image_id":0,"font":"","enabled":false},"version":2}},"product_brand":[],"product_cat":[193],"product_tag":[],"class_list":{"0":"post-16272","1":"product","2":"type-product","3":"status-publish","4":"has-post-thumbnail","6":"product_cat-online-kurzy","8":"first","9":"instock","10":"virtual","11":"product-type-simple"},"yoast_head":"<!-- This site is optimized with the Yoast SEO plugin v26.9 - https:\/\/yoast.com\/product\/yoast-seo-wordpress\/ -->\n<title>Mlad\u00fd podnikate\u013e - EFC<\/title>\n<meta name=\"robots\" content=\"index, follow, max-snippet:-1, max-image-preview:large, max-video-preview:-1\" \/>\n<link rel=\"canonical\" href=\"https:\/\/efc-skola.sk\/en\/product\/mlady-podnikatel\/\" \/>\n<meta property=\"og:locale\" content=\"en_GB\" \/>\n<meta property=\"og:type\" content=\"article\" \/>\n<meta property=\"og:title\" content=\"Mlad\u00fd podnikate\u013e - EFC\" \/>\n<meta property=\"og:description\" content=\"&quot;M\u00e1m dobr\u00e9 n\u00e1pady a bav\u00ed ma vym\u00fd\u0161\u013ea\u0165 nov\u00e9 veci. Ale ako z toho spravi\u0165 vlastn\u00fd biznis ? A fungovalo by to v\u00f4bec?\u201c Na tieto ot\u00e1zky si bude\u0161 vedie\u0165 odpoveda\u0165 aj s\u00e1m, po kurze pre mlad\u00fdch podnikate\u013eov. Z tvojich vlastn\u00fdch n\u00e1padov spolo\u010dne sprav\u00edme podnikate\u013esk\u00fd pl\u00e1n. Zist\u00edme, kto by tvoj produkt alebo slu\u017ebu najviac vyu\u017eil a spolu s tebou vymysl\u00edme aj reklamn\u00fa strat\u00e9giu pre tvoj biznis! Nau\u010d\u00edme \u0165a, ako si zalo\u017ei\u0165 \u017eivnos\u0165 alebo s.r.o. a ak\u00e9 m\u00e1\u0161 povinnosti vo\u010di \u0161t\u00e1tu.\" \/>\n<meta property=\"og:url\" content=\"https:\/\/efc-skola.sk\/en\/product\/mlady-podnikatel\/\" \/>\n<meta property=\"og:site_name\" content=\"EFC\" \/>\n<meta property=\"article:modified_time\" content=\"2024-12-14T17:12:23+00:00\" \/>\n<meta property=\"og:image\" content=\"https:\/\/efc-skola.sk\/wp-content\/uploads\/2023\/11\/mlady-podnikatel.webp\" \/>\n\t<meta property=\"og:image:width\" content=\"680\" \/>\n\t<meta property=\"og:image:height\" content=\"440\" \/>\n\t<meta property=\"og:image:type\" content=\"image\/webp\" \/>\n<meta name=\"twitter:card\" content=\"summary_large_image\" \/>\n<meta name=\"twitter:label1\" content=\"Estimated reading time\" \/>\n\t<meta name=\"twitter:data1\" content=\"2 minutes\" \/>\n<script type=\"application\/ld+json\" class=\"yoast-schema-graph\">{\"@context\":\"https:\/\/schema.org\",\"@graph\":[{\"@type\":\"WebPage\",\"@id\":\"https:\/\/efc-skola.sk\/produkt\/mlady-podnikatel\/\",\"url\":\"https:\/\/efc-skola.sk\/produkt\/mlady-podnikatel\/\",\"name\":\"Mlad\u00fd podnikate\u013e - EFC\",\"isPartOf\":{\"@id\":\"https:\/\/efc-skola.sk\/#website\"},\"primaryImageOfPage\":{\"@id\":\"https:\/\/efc-skola.sk\/produkt\/mlady-podnikatel\/#primaryimage\"},\"image\":{\"@id\":\"https:\/\/efc-skola.sk\/produkt\/mlady-podnikatel\/#primaryimage\"},\"thumbnailUrl\":\"https:\/\/efc-skola.sk\/wp-content\/uploads\/2023\/11\/mlady-podnikatel.webp\",\"datePublished\":\"2023-11-26T12:27:00+00:00\",\"dateModified\":\"2024-12-14T17:12:23+00:00\",\"breadcrumb\":{\"@id\":\"https:\/\/efc-skola.sk\/produkt\/mlady-podnikatel\/#breadcrumb\"},\"inLanguage\":\"en-GB\",\"potentialAction\":[{\"@type\":\"ReadAction\",\"target\":[\"https:\/\/efc-skola.sk\/produkt\/mlady-podnikatel\/\"]}]},{\"@type\":\"ImageObject\",\"inLanguage\":\"en-GB\",\"@id\":\"https:\/\/efc-skola.sk\/produkt\/mlady-podnikatel\/#primaryimage\",\"url\":\"https:\/\/efc-skola.sk\/wp-content\/uploads\/2023\/11\/mlady-podnikatel.webp\",\"contentUrl\":\"https:\/\/efc-skola.sk\/wp-content\/uploads\/2023\/11\/mlady-podnikatel.webp\",\"width\":680,\"height\":440},{\"@type\":\"BreadcrumbList\",\"@id\":\"https:\/\/efc-skola.sk\/produkt\/mlady-podnikatel\/#breadcrumb\",\"itemListElement\":[{\"@type\":\"ListItem\",\"position\":1,\"name\":\"\u00davod\",\"item\":\"https:\/\/efc-skola.sk\/\"},{\"@type\":\"ListItem\",\"position\":2,\"name\":\"Obchod\",\"item\":\"https:\/\/efc-skola.sk\/obchod\/\"},{\"@type\":\"ListItem\",\"position\":3,\"name\":\"Mlad\u00fd podnikate\u013e\"}]},{\"@type\":\"WebSite\",\"@id\":\"https:\/\/efc-skola.sk\/#website\",\"url\":\"https:\/\/efc-skola.sk\/\",\"name\":\"EFC\",\"description\":\"Centrum finan\u010dn\u00e9ho vzdelania\",\"publisher\":{\"@id\":\"https:\/\/efc-skola.sk\/#organization\"},\"potentialAction\":[{\"@type\":\"SearchAction\",\"target\":{\"@type\":\"EntryPoint\",\"urlTemplate\":\"https:\/\/efc-skola.sk\/?s={search_term_string}\"},\"query-input\":{\"@type\":\"PropertyValueSpecification\",\"valueRequired\":true,\"valueName\":\"search_term_string\"}}],\"inLanguage\":\"en-GB\"},{\"@type\":\"Organization\",\"@id\":\"https:\/\/efc-skola.sk\/#organization\",\"name\":\"EFC\",\"url\":\"https:\/\/efc-skola.sk\/\",\"logo\":{\"@type\":\"ImageObject\",\"inLanguage\":\"en-GB\",\"@id\":\"https:\/\/efc-skola.sk\/#\/schema\/logo\/image\/\",\"url\":\"https:\/\/efc-skola.sk\/wp-content\/uploads\/2023\/07\/mottotag28954.png\",\"contentUrl\":\"https:\/\/efc-skola.sk\/wp-content\/uploads\/2023\/07\/mottotag28954.png\",\"width\":421,\"height\":420,\"caption\":\"EFC\"},\"image\":{\"@id\":\"https:\/\/efc-skola.sk\/#\/schema\/logo\/image\/\"},\"sameAs\":[\"https:\/\/www.instagram.com\/prosekuj\/\"]}]}<\/script>\n<!-- \/ Yoast SEO plugin. -->","yoast_head_json":{"title":"Mlad\u00fd podnikate\u013e - EFC","robots":{"index":"index","follow":"follow","max-snippet":"max-snippet:-1","max-image-preview":"max-image-preview:large","max-video-preview":"max-video-preview:-1"},"canonical":"https:\/\/efc-skola.sk\/en\/product\/mlady-podnikatel\/","og_locale":"en_GB","og_type":"article","og_title":"Mlad\u00fd podnikate\u013e - EFC","og_description":"\"M\u00e1m dobr\u00e9 n\u00e1pady a bav\u00ed ma vym\u00fd\u0161\u013ea\u0165 nov\u00e9 veci. Ale ako z toho spravi\u0165 vlastn\u00fd biznis ? A fungovalo by to v\u00f4bec?\u201c Na tieto ot\u00e1zky si bude\u0161 vedie\u0165 odpoveda\u0165 aj s\u00e1m, po kurze pre mlad\u00fdch podnikate\u013eov. Z tvojich vlastn\u00fdch n\u00e1padov spolo\u010dne sprav\u00edme podnikate\u013esk\u00fd pl\u00e1n. Zist\u00edme, kto by tvoj produkt alebo slu\u017ebu najviac vyu\u017eil a spolu s tebou vymysl\u00edme aj reklamn\u00fa strat\u00e9giu pre tvoj biznis! Nau\u010d\u00edme \u0165a, ako si zalo\u017ei\u0165 \u017eivnos\u0165 alebo s.r.o. a ak\u00e9 m\u00e1\u0161 povinnosti vo\u010di \u0161t\u00e1tu.","og_url":"https:\/\/efc-skola.sk\/en\/product\/mlady-podnikatel\/","og_site_name":"EFC","article_modified_time":"2024-12-14T17:12:23+00:00","og_image":[{"width":680,"height":440,"url":"https:\/\/efc-skola.sk\/wp-content\/uploads\/2023\/11\/mlady-podnikatel.webp","type":"image\/webp"}],"twitter_card":"summary_large_image","twitter_misc":{"Estimated reading time":"2 minutes"},"schema":{"@context":"https:\/\/schema.org","@graph":[{"@type":"WebPage","@id":"https:\/\/efc-skola.sk\/produkt\/mlady-podnikatel\/","url":"https:\/\/efc-skola.sk\/produkt\/mlady-podnikatel\/","name":"Mlad\u00fd podnikate\u013e - EFC","isPartOf":{"@id":"https:\/\/efc-skola.sk\/#website"},"primaryImageOfPage":{"@id":"https:\/\/efc-skola.sk\/produkt\/mlady-podnikatel\/#primaryimage"},"image":{"@id":"https:\/\/efc-skola.sk\/produkt\/mlady-podnikatel\/#primaryimage"},"thumbnailUrl":"https:\/\/efc-skola.sk\/wp-content\/uploads\/2023\/11\/mlady-podnikatel.webp","datePublished":"2023-11-26T12:27:00+00:00","dateModified":"2024-12-14T17:12:23+00:00","breadcrumb":{"@id":"https:\/\/efc-skola.sk\/produkt\/mlady-podnikatel\/#breadcrumb"},"inLanguage":"en-GB","potentialAction":[{"@type":"ReadAction","target":["https:\/\/efc-skola.sk\/produkt\/mlady-podnikatel\/"]}]},{"@type":"ImageObject","inLanguage":"en-GB","@id":"https:\/\/efc-skola.sk\/produkt\/mlady-podnikatel\/#primaryimage","url":"https:\/\/efc-skola.sk\/wp-content\/uploads\/2023\/11\/mlady-podnikatel.webp","contentUrl":"https:\/\/efc-skola.sk\/wp-content\/uploads\/2023\/11\/mlady-podnikatel.webp","width":680,"height":440},{"@type":"BreadcrumbList","@id":"https:\/\/efc-skola.sk\/produkt\/mlady-podnikatel\/#breadcrumb","itemListElement":[{"@type":"ListItem","position":1,"name":"\u00davod","item":"https:\/\/efc-skola.sk\/"},{"@type":"ListItem","position":2,"name":"Obchod","item":"https:\/\/efc-skola.sk\/obchod\/"},{"@type":"ListItem","position":3,"name":"Mlad\u00fd podnikate\u013e"}]},{"@type":"WebSite","@id":"https:\/\/efc-skola.sk\/#website","url":"https:\/\/efc-skola.sk\/","name":"EFC","description":"Financial Education Centre","publisher":{"@id":"https:\/\/efc-skola.sk\/#organization"},"potentialAction":[{"@type":"SearchAction","target":{"@type":"EntryPoint","urlTemplate":"https:\/\/efc-skola.sk\/?s={search_term_string}"},"query-input":{"@type":"PropertyValueSpecification","valueRequired":true,"valueName":"search_term_string"}}],"inLanguage":"en-GB"},{"@type":"Organization","@id":"https:\/\/efc-skola.sk\/#organization","name":"EFC","url":"https:\/\/efc-skola.sk\/","logo":{"@type":"ImageObject","inLanguage":"en-GB","@id":"https:\/\/efc-skola.sk\/#\/schema\/logo\/image\/","url":"https:\/\/efc-skola.sk\/wp-content\/uploads\/2023\/07\/mottotag28954.png","contentUrl":"https:\/\/efc-skola.sk\/wp-content\/uploads\/2023\/07\/mottotag28954.png","width":421,"height":420,"caption":"EFC"},"image":{"@id":"https:\/\/efc-skola.sk\/#\/schema\/logo\/image\/"},"sameAs":["https:\/\/www.instagram.com\/prosekuj\/"]}]}},"jetpack_publicize_connections":[],"jetpack_sharing_enabled":true,"_links":{"self":[{"href":"https:\/\/efc-skola.sk\/en\/wp-json\/wp\/v2\/product\/16272","targetHints":{"allow":["GET"]}}],"collection":[{"href":"https:\/\/efc-skola.sk\/en\/wp-json\/wp\/v2\/product"}],"about":[{"href":"https:\/\/efc-skola.sk\/en\/wp-json\/wp\/v2\/types\/product"}],"wp:featuredmedia":[{"embeddable":true,"href":"https:\/\/efc-skola.sk\/en\/wp-json\/wp\/v2\/media\/16429"}],"wp:attachment":[{"href":"https:\/\/efc-skola.sk\/en\/wp-json\/wp\/v2\/media?parent=16272"}],"wp:term":[{"taxonomy":"product_brand","embeddable":true,"href":"https:\/\/efc-skola.sk\/en\/wp-json\/wp\/v2\/product_brand?post=16272"},{"taxonomy":"product_cat","embeddable":true,"href":"https:\/\/efc-skola.sk\/en\/wp-json\/wp\/v2\/product_cat?post=16272"},{"taxonomy":"product_tag","embeddable":true,"href":"https:\/\/efc-skola.sk\/en\/wp-json\/wp\/v2\/product_tag?post=16272"}],"curies":[{"name":"wp","href":"https:\/\/api.w.org\/{rel}","templated":true}]}}