{"id":16287,"date":"2023-11-26T13:27:00","date_gmt":"2023-11-26T12:27:00","guid":{"rendered":"http:\/\/progresion"},"modified":"2024-12-14T18:12:23","modified_gmt":"2024-12-14T17:12:23","slug":"mlady-investor","status":"publish","type":"product","link":"https:\/\/efc-skola.sk\/en\/product\/mlady-investor\/","title":{"rendered":"Young Investor"},"content":{"rendered":"","protected":false},"excerpt":{"rendered":"<div>Zauj\u00edma \u0165a <b>svet financi\u00ed<\/b>, <b>investovanie<\/b> alebo sa chce\u0161 sta\u0165 bohat\u00fd? Ako na to \u0165a nau\u010d\u00edme na kurze <b>Mlad\u00fd investor<\/b>, kde zist\u00ed\u0161, ako <b>peniaze<\/b> tvoria \u010fal\u0161ie peniaze, ak\u00fa hodnotu m\u00e1 <b>\u010das<\/b> pre investora, alebo ak\u00fd je rozdiel medzi investovan\u00edm do <b>kryptomien<\/b>, <b>zlata<\/b>, alebo do tvojej ob\u013e\u00fabenej <b>zna\u010dky<\/b>. <b>Odstestuje\u0161 sa<\/b>, ak\u00fd typ investora si a zist\u00ed\u0161, ak\u00e9 s\u00fa <b>rizik\u00e1 spojen\u00e9 s investovan\u00edm<\/b>. Dozvie\u0161 sa o \u00faspe\u0161n\u00fdch pr\u00edbehoch bohat\u00fdch investorov, ale aj o ne\u0161\u0165astn\u00edkoch, ktor\u00ed to s investovan\u00edm prep\u00e1lili.<\/div>\n<div>Na kurze <b>Mlad\u00fd investor<\/b> z\u00edska\u0161 perfektn\u00e9 z\u00e1klady o investovan\u00ed, ktor\u00e9 \u0165a nakopn\u00fa na tvojej ceste k <b>finan\u010dnej slobode<\/b> u\u017e v mladom veku!<\/div>\n<div>A nezabudni, by\u0165 zodpovedn\u00fd je COOL \ud83d\ude42<\/div>","protected":false},"featured_media":16448,"template":"","meta":{"jetpack_publicize_message":"","jetpack_publicize_feature_enabled":true,"jetpack_social_post_already_shared":false,"jetpack_social_options":{"image_generator_settings":{"template":"highway","default_image_id":0,"font":"","enabled":false},"version":2}},"product_brand":[],"product_cat":[193],"product_tag":[],"class_list":{"0":"post-16287","1":"product","2":"type-product","3":"status-publish","4":"has-post-thumbnail","6":"product_cat-online-kurzy","8":"first","9":"instock","10":"virtual","11":"product-type-simple"},"yoast_head":"<!-- This site is optimized with the Yoast SEO plugin v26.9 - https:\/\/yoast.com\/product\/yoast-seo-wordpress\/ -->\n<title>Mlad\u00fd Investor - EFC<\/title>\n<meta name=\"robots\" content=\"index, follow, max-snippet:-1, max-image-preview:large, max-video-preview:-1\" \/>\n<link rel=\"canonical\" href=\"https:\/\/efc-skola.sk\/en\/product\/mlady-investor\/\" \/>\n<meta property=\"og:locale\" content=\"en_GB\" \/>\n<meta property=\"og:type\" content=\"article\" \/>\n<meta property=\"og:title\" content=\"Mlad\u00fd Investor - EFC\" \/>\n<meta property=\"og:description\" content=\"Zauj\u00edma \u0165a svet financi\u00ed, investovanie alebo sa chce\u0161 sta\u0165 bohat\u00fd? Ako na to \u0165a nau\u010d\u00edme na kurze Mlad\u00fd investor, kde zist\u00ed\u0161, ako peniaze tvoria \u010fal\u0161ie peniaze, ak\u00fa hodnotu m\u00e1 \u010das pre investora, alebo ak\u00fd je rozdiel medzi investovan\u00edm do kryptomien, zlata, alebo do tvojej ob\u013e\u00fabenej zna\u010dky. Odstestuje\u0161 sa, ak\u00fd typ investora si a zist\u00ed\u0161, ak\u00e9 s\u00fa rizik\u00e1 spojen\u00e9 s investovan\u00edm. Dozvie\u0161 sa o \u00faspe\u0161n\u00fdch pr\u00edbehoch bohat\u00fdch investorov, ale aj o ne\u0161\u0165astn\u00edkoch, ktor\u00ed to s investovan\u00edm prep\u00e1lili. Na kurze Mlad\u00fd investor z\u00edska\u0161 perfektn\u00e9 z\u00e1klady o investovan\u00ed, ktor\u00e9 \u0165a nakopn\u00fa na tvojej ceste k finan\u010dnej slobode u\u017e v mladom veku! A nezabudni, by\u0165 zodpovedn\u00fd je COOL :)\" \/>\n<meta property=\"og:url\" content=\"https:\/\/efc-skola.sk\/en\/product\/mlady-investor\/\" \/>\n<meta property=\"og:site_name\" content=\"EFC\" \/>\n<meta property=\"article:modified_time\" content=\"2024-12-14T17:12:23+00:00\" \/>\n<meta property=\"og:image\" content=\"https:\/\/efc-skola.sk\/wp-content\/uploads\/2023\/11\/younginvestor-82947.webp\" \/>\n\t<meta property=\"og:image:width\" content=\"2000\" \/>\n\t<meta property=\"og:image:height\" content=\"1333\" \/>\n\t<meta property=\"og:image:type\" content=\"image\/webp\" \/>\n<meta name=\"twitter:card\" content=\"summary_large_image\" \/>\n<meta name=\"twitter:label1\" content=\"Estimated reading time\" \/>\n\t<meta name=\"twitter:data1\" content=\"1 minute\" \/>\n<script type=\"application\/ld+json\" class=\"yoast-schema-graph\">{\"@context\":\"https:\/\/schema.org\",\"@graph\":[{\"@type\":\"WebPage\",\"@id\":\"https:\/\/efc-skola.sk\/produkt\/mlady-investor\/\",\"url\":\"https:\/\/efc-skola.sk\/produkt\/mlady-investor\/\",\"name\":\"Mlad\u00fd Investor - EFC\",\"isPartOf\":{\"@id\":\"https:\/\/efc-skola.sk\/#website\"},\"primaryImageOfPage\":{\"@id\":\"https:\/\/efc-skola.sk\/produkt\/mlady-investor\/#primaryimage\"},\"image\":{\"@id\":\"https:\/\/efc-skola.sk\/produkt\/mlady-investor\/#primaryimage\"},\"thumbnailUrl\":\"https:\/\/efc-skola.sk\/wp-content\/uploads\/2023\/11\/younginvestor-82947.webp\",\"datePublished\":\"2023-11-26T12:27:00+00:00\",\"dateModified\":\"2024-12-14T17:12:23+00:00\",\"breadcrumb\":{\"@id\":\"https:\/\/efc-skola.sk\/produkt\/mlady-investor\/#breadcrumb\"},\"inLanguage\":\"en-GB\",\"potentialAction\":[{\"@type\":\"ReadAction\",\"target\":[\"https:\/\/efc-skola.sk\/produkt\/mlady-investor\/\"]}]},{\"@type\":\"ImageObject\",\"inLanguage\":\"en-GB\",\"@id\":\"https:\/\/efc-skola.sk\/produkt\/mlady-investor\/#primaryimage\",\"url\":\"https:\/\/efc-skola.sk\/wp-content\/uploads\/2023\/11\/younginvestor-82947.webp\",\"contentUrl\":\"https:\/\/efc-skola.sk\/wp-content\/uploads\/2023\/11\/younginvestor-82947.webp\",\"width\":2000,\"height\":1333},{\"@type\":\"BreadcrumbList\",\"@id\":\"https:\/\/efc-skola.sk\/produkt\/mlady-investor\/#breadcrumb\",\"itemListElement\":[{\"@type\":\"ListItem\",\"position\":1,\"name\":\"\u00davod\",\"item\":\"https:\/\/efc-skola.sk\/\"},{\"@type\":\"ListItem\",\"position\":2,\"name\":\"Obchod\",\"item\":\"https:\/\/efc-skola.sk\/obchod\/\"},{\"@type\":\"ListItem\",\"position\":3,\"name\":\"Mlad\u00fd Investor\"}]},{\"@type\":\"WebSite\",\"@id\":\"https:\/\/efc-skola.sk\/#website\",\"url\":\"https:\/\/efc-skola.sk\/\",\"name\":\"EFC\",\"description\":\"Centrum finan\u010dn\u00e9ho vzdelania\",\"publisher\":{\"@id\":\"https:\/\/efc-skola.sk\/#organization\"},\"potentialAction\":[{\"@type\":\"SearchAction\",\"target\":{\"@type\":\"EntryPoint\",\"urlTemplate\":\"https:\/\/efc-skola.sk\/?s={search_term_string}\"},\"query-input\":{\"@type\":\"PropertyValueSpecification\",\"valueRequired\":true,\"valueName\":\"search_term_string\"}}],\"inLanguage\":\"en-GB\"},{\"@type\":\"Organization\",\"@id\":\"https:\/\/efc-skola.sk\/#organization\",\"name\":\"EFC\",\"url\":\"https:\/\/efc-skola.sk\/\",\"logo\":{\"@type\":\"ImageObject\",\"inLanguage\":\"en-GB\",\"@id\":\"https:\/\/efc-skola.sk\/#\/schema\/logo\/image\/\",\"url\":\"https:\/\/efc-skola.sk\/wp-content\/uploads\/2023\/07\/mottotag28954.png\",\"contentUrl\":\"https:\/\/efc-skola.sk\/wp-content\/uploads\/2023\/07\/mottotag28954.png\",\"width\":421,\"height\":420,\"caption\":\"EFC\"},\"image\":{\"@id\":\"https:\/\/efc-skola.sk\/#\/schema\/logo\/image\/\"},\"sameAs\":[\"https:\/\/www.instagram.com\/prosekuj\/\"]}]}<\/script>\n<!-- \/ Yoast SEO plugin. -->","yoast_head_json":{"title":"Mlad\u00fd Investor - EFC","robots":{"index":"index","follow":"follow","max-snippet":"max-snippet:-1","max-image-preview":"max-image-preview:large","max-video-preview":"max-video-preview:-1"},"canonical":"https:\/\/efc-skola.sk\/en\/product\/mlady-investor\/","og_locale":"en_GB","og_type":"article","og_title":"Mlad\u00fd Investor - EFC","og_description":"Zauj\u00edma \u0165a svet financi\u00ed, investovanie alebo sa chce\u0161 sta\u0165 bohat\u00fd? Ako na to \u0165a nau\u010d\u00edme na kurze Mlad\u00fd investor, kde zist\u00ed\u0161, ako peniaze tvoria \u010fal\u0161ie peniaze, ak\u00fa hodnotu m\u00e1 \u010das pre investora, alebo ak\u00fd je rozdiel medzi investovan\u00edm do kryptomien, zlata, alebo do tvojej ob\u013e\u00fabenej zna\u010dky. Odstestuje\u0161 sa, ak\u00fd typ investora si a zist\u00ed\u0161, ak\u00e9 s\u00fa rizik\u00e1 spojen\u00e9 s investovan\u00edm. Dozvie\u0161 sa o \u00faspe\u0161n\u00fdch pr\u00edbehoch bohat\u00fdch investorov, ale aj o ne\u0161\u0165astn\u00edkoch, ktor\u00ed to s investovan\u00edm prep\u00e1lili. Na kurze Mlad\u00fd investor z\u00edska\u0161 perfektn\u00e9 z\u00e1klady o investovan\u00ed, ktor\u00e9 \u0165a nakopn\u00fa na tvojej ceste k finan\u010dnej slobode u\u017e v mladom veku! A nezabudni, by\u0165 zodpovedn\u00fd je COOL :)","og_url":"https:\/\/efc-skola.sk\/en\/product\/mlady-investor\/","og_site_name":"EFC","article_modified_time":"2024-12-14T17:12:23+00:00","og_image":[{"width":2000,"height":1333,"url":"https:\/\/efc-skola.sk\/wp-content\/uploads\/2023\/11\/younginvestor-82947.webp","type":"image\/webp"}],"twitter_card":"summary_large_image","twitter_misc":{"Estimated reading time":"1 minute"},"schema":{"@context":"https:\/\/schema.org","@graph":[{"@type":"WebPage","@id":"https:\/\/efc-skola.sk\/produkt\/mlady-investor\/","url":"https:\/\/efc-skola.sk\/produkt\/mlady-investor\/","name":"Mlad\u00fd Investor - EFC","isPartOf":{"@id":"https:\/\/efc-skola.sk\/#website"},"primaryImageOfPage":{"@id":"https:\/\/efc-skola.sk\/produkt\/mlady-investor\/#primaryimage"},"image":{"@id":"https:\/\/efc-skola.sk\/produkt\/mlady-investor\/#primaryimage"},"thumbnailUrl":"https:\/\/efc-skola.sk\/wp-content\/uploads\/2023\/11\/younginvestor-82947.webp","datePublished":"2023-11-26T12:27:00+00:00","dateModified":"2024-12-14T17:12:23+00:00","breadcrumb":{"@id":"https:\/\/efc-skola.sk\/produkt\/mlady-investor\/#breadcrumb"},"inLanguage":"en-GB","potentialAction":[{"@type":"ReadAction","target":["https:\/\/efc-skola.sk\/produkt\/mlady-investor\/"]}]},{"@type":"ImageObject","inLanguage":"en-GB","@id":"https:\/\/efc-skola.sk\/produkt\/mlady-investor\/#primaryimage","url":"https:\/\/efc-skola.sk\/wp-content\/uploads\/2023\/11\/younginvestor-82947.webp","contentUrl":"https:\/\/efc-skola.sk\/wp-content\/uploads\/2023\/11\/younginvestor-82947.webp","width":2000,"height":1333},{"@type":"BreadcrumbList","@id":"https:\/\/efc-skola.sk\/produkt\/mlady-investor\/#breadcrumb","itemListElement":[{"@type":"ListItem","position":1,"name":"\u00davod","item":"https:\/\/efc-skola.sk\/"},{"@type":"ListItem","position":2,"name":"Obchod","item":"https:\/\/efc-skola.sk\/obchod\/"},{"@type":"ListItem","position":3,"name":"Mlad\u00fd Investor"}]},{"@type":"WebSite","@id":"https:\/\/efc-skola.sk\/#website","url":"https:\/\/efc-skola.sk\/","name":"EFC","description":"Financial Education Centre","publisher":{"@id":"https:\/\/efc-skola.sk\/#organization"},"potentialAction":[{"@type":"SearchAction","target":{"@type":"EntryPoint","urlTemplate":"https:\/\/efc-skola.sk\/?s={search_term_string}"},"query-input":{"@type":"PropertyValueSpecification","valueRequired":true,"valueName":"search_term_string"}}],"inLanguage":"en-GB"},{"@type":"Organization","@id":"https:\/\/efc-skola.sk\/#organization","name":"EFC","url":"https:\/\/efc-skola.sk\/","logo":{"@type":"ImageObject","inLanguage":"en-GB","@id":"https:\/\/efc-skola.sk\/#\/schema\/logo\/image\/","url":"https:\/\/efc-skola.sk\/wp-content\/uploads\/2023\/07\/mottotag28954.png","contentUrl":"https:\/\/efc-skola.sk\/wp-content\/uploads\/2023\/07\/mottotag28954.png","width":421,"height":420,"caption":"EFC"},"image":{"@id":"https:\/\/efc-skola.sk\/#\/schema\/logo\/image\/"},"sameAs":["https:\/\/www.instagram.com\/prosekuj\/"]}]}},"jetpack_publicize_connections":[],"jetpack_sharing_enabled":true,"_links":{"self":[{"href":"https:\/\/efc-skola.sk\/en\/wp-json\/wp\/v2\/product\/16287","targetHints":{"allow":["GET"]}}],"collection":[{"href":"https:\/\/efc-skola.sk\/en\/wp-json\/wp\/v2\/product"}],"about":[{"href":"https:\/\/efc-skola.sk\/en\/wp-json\/wp\/v2\/types\/product"}],"wp:featuredmedia":[{"embeddable":true,"href":"https:\/\/efc-skola.sk\/en\/wp-json\/wp\/v2\/media\/16448"}],"wp:attachment":[{"href":"https:\/\/efc-skola.sk\/en\/wp-json\/wp\/v2\/media?parent=16287"}],"wp:term":[{"taxonomy":"product_brand","embeddable":true,"href":"https:\/\/efc-skola.sk\/en\/wp-json\/wp\/v2\/product_brand?post=16287"},{"taxonomy":"product_cat","embeddable":true,"href":"https:\/\/efc-skola.sk\/en\/wp-json\/wp\/v2\/product_cat?post=16287"},{"taxonomy":"product_tag","embeddable":true,"href":"https:\/\/efc-skola.sk\/en\/wp-json\/wp\/v2\/product_tag?post=16287"}],"curies":[{"name":"wp","href":"https:\/\/api.w.org\/{rel}","templated":true}]}}