{"id":16288,"date":"2023-11-26T13:27:00","date_gmt":"2023-11-26T12:27:00","guid":{"rendered":"http:\/\/progresion"},"modified":"2024-12-14T18:12:23","modified_gmt":"2024-12-14T17:12:23","slug":"financna-gramotnost-pre-dospelych","status":"publish","type":"product","link":"https:\/\/efc-skola.sk\/en\/product\/financna-gramotnost-pre-dospelych\/","title":{"rendered":"Financial literacy for adults"},"content":{"rendered":"<p data-pm-slice=\"1 1 []\"><strong>D\u013a\u017eka kurzu:<\/strong> \u00a05 x 90 min, online <strong>Za\u010diatok kurzu:<\/strong> \u00a0<span data-match-id=\"1 Sep\" data-testid=\"natural-language-match\">september,<\/span> ka\u017ed\u00fa stredu o 18:00-19:30, v z\u00e1zname vo \u0161tvrtok o<\/p>\n<p data-pm-slice=\"1 1 []\"><strong>T\u00e9my:<\/strong><\/p>\n<p data-pm-slice=\"1 1 []\"><strong>1. Bezpe\u010dn\u00e9 z\u00e1klady \u017eivota<\/strong> &#8211; na \u010do si da\u0165 pozor a \u010do je dobr\u00e9 vedie\u0165 pri ponuk\u00e1ch poistenia?<\/p>\n<p data-pm-slice=\"1 1 []\"><strong>2. Budovanie finan\u010dnej bud\u00facnosti<\/strong> &#8211; ak\u00e9 sporenie skuto\u010dne ochr\u00e1ni hodnotu va\u0161ej pr\u00e1ce?<\/p>\n<p data-pm-slice=\"1 1 []\"><strong>3. Vlastn\u00e9 b\u00fdvanie<\/strong> &#8211; ak\u00e9 m\u00e1m mo\u017enosti ak s\u00fa hypot\u00e9ky \u010doraz drah\u0161ie?<\/p>\n<p data-pm-slice=\"1 1 []\"><strong>4. Do d\u00f4chodku \u010faleko\u2026Chyba! &#8211;<\/strong> Ch\u00e1pa\u0165 d\u00f4chodkov\u00fd syst\u00e9m znamen\u00e1 by\u0165 pripraven\u00fd!<\/p>\n<p data-pm-slice=\"1 1 []\"><strong>5. Budovanie finan\u010dnej slobody<\/strong> &#8211; Pre seba aj svoje deti chcem to najlep\u0161ie: syst\u00e9m, discipl\u00edna a \u010das.<\/p>","protected":false},"excerpt":{"rendered":"<div><strong><span style=\"color: #0d0d0d; font-family: S\u00f6hne, ui-sans-serif, system-ui, -apple-system, Segoe UI, Roboto, Ubuntu, Cantarell, Noto Sans, sans-serif, Helvetica Neue, Arial, Apple Color Emoji, Segoe UI Emoji, Segoe UI Symbol, Noto Color Emoji; font-size: medium;\">P\u00e1\u010dia sa v\u00e1m na\u0161e kurzy a hovor\u00edte si, \u017ee tie\u017e by sa v\u00e1m zi\u0161lo z\u00edska\u0165 preh\u013ead o svete osobn\u00fdch financi\u00ed?<\/span><\/strong><\/div>\n<div><span style=\"color: #0d0d0d; font-family: S\u00f6hne, ui-sans-serif, system-ui, -apple-system, Segoe UI, Roboto, Ubuntu, Cantarell, Noto Sans, sans-serif, Helvetica Neue, Arial, Apple Color Emoji, Segoe UI Emoji, Segoe UI Symbol, Noto Color Emoji; font-size: medium;\">Ste tu spr\u00e1vne! Pre dospel\u00fdch \u0161tudentov pon\u00fakame top v\u00fdber v\u0161etk\u00fdch t\u00e9m o osobnom hospod\u00e1ren\u00ed, sporen\u00ed \u010di investovan\u00ed pe\u0148az\u00ed.<\/span><\/div>\n<div><span style=\"color: #0d0d0d; font-family: S\u00f6hne, ui-sans-serif, system-ui, -apple-system, Segoe UI, Roboto, Ubuntu, Cantarell, Noto Sans, sans-serif, Helvetica Neue, Arial, Apple Color Emoji, Segoe UI Emoji, Segoe UI Symbol, Noto Color Emoji; font-size: medium;\">Spolo\u010dne budeme rozv\u00edja\u0165 zodpovednos\u0165 pri pl\u00e1novan\u00ed va\u0161ej bud\u00facnosti, z\u00e1zemia pre rodinu \u010di pr\u00edpravu na financovanie vlastn\u00e9ho b\u00fdvania. <\/span><\/div>\n<div><span style=\"color: #0d0d0d; font-family: S\u00f6hne, ui-sans-serif, system-ui, -apple-system, Segoe UI, Roboto, Ubuntu, Cantarell, Noto Sans, sans-serif, Helvetica Neue, Arial, Apple Color Emoji, Segoe UI Emoji, Segoe UI Symbol, Noto Color Emoji; font-size: medium;\">V\u010faka najmodernej\u0161iemu finan\u010dn\u00e9mu vzdel\u00e1vaniu sa stanete sebavedom\u00fdm a \u010dlovekom, ktor\u00e9ho nezasko\u010d\u00ed \u017eiadna t\u00e9ma o financi\u00e1ch. <\/span><\/div>\n<div><span style=\"color: #0d0d0d; font-family: S\u00f6hne, ui-sans-serif, system-ui, -apple-system, Segoe UI, Roboto, Ubuntu, Cantarell, Noto Sans, sans-serif, Helvetica Neue, Arial, Apple Color Emoji, Segoe UI Emoji, Segoe UI Symbol, Noto Color Emoji; font-size: medium;\">Te\u0161\u00edme sa na V\u00e1s<\/span><\/div>","protected":false},"featured_media":16405,"template":"","meta":{"jetpack_publicize_message":"","jetpack_publicize_feature_enabled":true,"jetpack_social_post_already_shared":false,"jetpack_social_options":{"image_generator_settings":{"template":"highway","default_image_id":0,"font":"","enabled":false},"version":2}},"product_brand":[],"product_cat":[193],"product_tag":[],"class_list":{"0":"post-16288","1":"product","2":"type-product","3":"status-publish","4":"has-post-thumbnail","6":"product_cat-online-kurzy","8":"first","9":"instock","10":"virtual","11":"product-type-simple"},"yoast_head":"<!-- This site is optimized with the Yoast SEO plugin v26.9 - https:\/\/yoast.com\/product\/yoast-seo-wordpress\/ -->\n<title>Finan\u010dn\u00e1 gramotnos\u0165 pre dospel\u00fdch - EFC<\/title>\n<meta name=\"robots\" content=\"index, follow, max-snippet:-1, max-image-preview:large, max-video-preview:-1\" \/>\n<link rel=\"canonical\" href=\"https:\/\/efc-skola.sk\/en\/product\/financna-gramotnost-pre-dospelych\/\" \/>\n<meta property=\"og:locale\" content=\"en_GB\" \/>\n<meta property=\"og:type\" content=\"article\" \/>\n<meta property=\"og:title\" content=\"Finan\u010dn\u00e1 gramotnos\u0165 pre dospel\u00fdch - EFC\" \/>\n<meta property=\"og:description\" content=\"P\u00e1\u010dia sa v\u00e1m na\u0161e kurzy a hovor\u00edte si, \u017ee tie\u017e by sa v\u00e1m zi\u0161lo z\u00edska\u0165 preh\u013ead o svete osobn\u00fdch financi\u00ed? Ste tu spr\u00e1vne! Pre dospel\u00fdch \u0161tudentov pon\u00fakame top v\u00fdber v\u0161etk\u00fdch t\u00e9m o osobnom hospod\u00e1ren\u00ed, sporen\u00ed \u010di investovan\u00ed pe\u0148az\u00ed. Spolo\u010dne budeme rozv\u00edja\u0165 zodpovednos\u0165 pri pl\u00e1novan\u00ed va\u0161ej bud\u00facnosti, z\u00e1zemia pre rodinu \u010di pr\u00edpravu na financovanie vlastn\u00e9ho b\u00fdvania.  V\u010faka najmodernej\u0161iemu finan\u010dn\u00e9mu vzdel\u00e1vaniu sa stanete sebavedom\u00fdm a \u010dlovekom, ktor\u00e9ho nezasko\u010d\u00ed \u017eiadna t\u00e9ma o financi\u00e1ch.  Te\u0161\u00edme sa na V\u00e1s\" \/>\n<meta property=\"og:url\" content=\"https:\/\/efc-skola.sk\/en\/product\/financna-gramotnost-pre-dospelych\/\" \/>\n<meta property=\"og:site_name\" content=\"EFC\" \/>\n<meta property=\"article:modified_time\" content=\"2024-12-14T17:12:23+00:00\" \/>\n<meta property=\"og:image\" content=\"https:\/\/efc-skola.sk\/wp-content\/uploads\/2023\/11\/happy-student-having-fun-while-using-lapto.webp\" \/>\n\t<meta property=\"og:image:width\" content=\"2000\" \/>\n\t<meta property=\"og:image:height\" content=\"1333\" \/>\n\t<meta property=\"og:image:type\" content=\"image\/webp\" \/>\n<meta name=\"twitter:card\" content=\"summary_large_image\" \/>\n<meta name=\"twitter:label1\" content=\"Estimated reading time\" \/>\n\t<meta name=\"twitter:data1\" content=\"1 minute\" \/>\n<script type=\"application\/ld+json\" class=\"yoast-schema-graph\">{\"@context\":\"https:\/\/schema.org\",\"@graph\":[{\"@type\":\"WebPage\",\"@id\":\"https:\/\/efc-skola.sk\/produkt\/financna-gramotnost-pre-dospelych\/\",\"url\":\"https:\/\/efc-skola.sk\/produkt\/financna-gramotnost-pre-dospelych\/\",\"name\":\"Finan\u010dn\u00e1 gramotnos\u0165 pre dospel\u00fdch - EFC\",\"isPartOf\":{\"@id\":\"https:\/\/efc-skola.sk\/#website\"},\"primaryImageOfPage\":{\"@id\":\"https:\/\/efc-skola.sk\/produkt\/financna-gramotnost-pre-dospelych\/#primaryimage\"},\"image\":{\"@id\":\"https:\/\/efc-skola.sk\/produkt\/financna-gramotnost-pre-dospelych\/#primaryimage\"},\"thumbnailUrl\":\"https:\/\/efc-skola.sk\/wp-content\/uploads\/2023\/11\/happy-student-having-fun-while-using-lapto.webp\",\"datePublished\":\"2023-11-26T12:27:00+00:00\",\"dateModified\":\"2024-12-14T17:12:23+00:00\",\"breadcrumb\":{\"@id\":\"https:\/\/efc-skola.sk\/produkt\/financna-gramotnost-pre-dospelych\/#breadcrumb\"},\"inLanguage\":\"en-GB\",\"potentialAction\":[{\"@type\":\"ReadAction\",\"target\":[\"https:\/\/efc-skola.sk\/produkt\/financna-gramotnost-pre-dospelych\/\"]}]},{\"@type\":\"ImageObject\",\"inLanguage\":\"en-GB\",\"@id\":\"https:\/\/efc-skola.sk\/produkt\/financna-gramotnost-pre-dospelych\/#primaryimage\",\"url\":\"https:\/\/efc-skola.sk\/wp-content\/uploads\/2023\/11\/happy-student-having-fun-while-using-lapto.webp\",\"contentUrl\":\"https:\/\/efc-skola.sk\/wp-content\/uploads\/2023\/11\/happy-student-having-fun-while-using-lapto.webp\",\"width\":2000,\"height\":1333},{\"@type\":\"BreadcrumbList\",\"@id\":\"https:\/\/efc-skola.sk\/produkt\/financna-gramotnost-pre-dospelych\/#breadcrumb\",\"itemListElement\":[{\"@type\":\"ListItem\",\"position\":1,\"name\":\"\u00davod\",\"item\":\"https:\/\/efc-skola.sk\/\"},{\"@type\":\"ListItem\",\"position\":2,\"name\":\"Obchod\",\"item\":\"https:\/\/efc-skola.sk\/obchod\/\"},{\"@type\":\"ListItem\",\"position\":3,\"name\":\"Finan\u010dn\u00e1 gramotnos\u0165 pre dospel\u00fdch\"}]},{\"@type\":\"WebSite\",\"@id\":\"https:\/\/efc-skola.sk\/#website\",\"url\":\"https:\/\/efc-skola.sk\/\",\"name\":\"EFC\",\"description\":\"Centrum finan\u010dn\u00e9ho vzdelania\",\"publisher\":{\"@id\":\"https:\/\/efc-skola.sk\/#organization\"},\"potentialAction\":[{\"@type\":\"SearchAction\",\"target\":{\"@type\":\"EntryPoint\",\"urlTemplate\":\"https:\/\/efc-skola.sk\/?s={search_term_string}\"},\"query-input\":{\"@type\":\"PropertyValueSpecification\",\"valueRequired\":true,\"valueName\":\"search_term_string\"}}],\"inLanguage\":\"en-GB\"},{\"@type\":\"Organization\",\"@id\":\"https:\/\/efc-skola.sk\/#organization\",\"name\":\"EFC\",\"url\":\"https:\/\/efc-skola.sk\/\",\"logo\":{\"@type\":\"ImageObject\",\"inLanguage\":\"en-GB\",\"@id\":\"https:\/\/efc-skola.sk\/#\/schema\/logo\/image\/\",\"url\":\"https:\/\/efc-skola.sk\/wp-content\/uploads\/2023\/07\/mottotag28954.png\",\"contentUrl\":\"https:\/\/efc-skola.sk\/wp-content\/uploads\/2023\/07\/mottotag28954.png\",\"width\":421,\"height\":420,\"caption\":\"EFC\"},\"image\":{\"@id\":\"https:\/\/efc-skola.sk\/#\/schema\/logo\/image\/\"},\"sameAs\":[\"https:\/\/www.instagram.com\/prosekuj\/\"]}]}<\/script>\n<!-- \/ Yoast SEO plugin. -->","yoast_head_json":{"title":"Finan\u010dn\u00e1 gramotnos\u0165 pre dospel\u00fdch - EFC","robots":{"index":"index","follow":"follow","max-snippet":"max-snippet:-1","max-image-preview":"max-image-preview:large","max-video-preview":"max-video-preview:-1"},"canonical":"https:\/\/efc-skola.sk\/en\/product\/financna-gramotnost-pre-dospelych\/","og_locale":"en_GB","og_type":"article","og_title":"Finan\u010dn\u00e1 gramotnos\u0165 pre dospel\u00fdch - EFC","og_description":"P\u00e1\u010dia sa v\u00e1m na\u0161e kurzy a hovor\u00edte si, \u017ee tie\u017e by sa v\u00e1m zi\u0161lo z\u00edska\u0165 preh\u013ead o svete osobn\u00fdch financi\u00ed? Ste tu spr\u00e1vne! Pre dospel\u00fdch \u0161tudentov pon\u00fakame top v\u00fdber v\u0161etk\u00fdch t\u00e9m o osobnom hospod\u00e1ren\u00ed, sporen\u00ed \u010di investovan\u00ed pe\u0148az\u00ed. Spolo\u010dne budeme rozv\u00edja\u0165 zodpovednos\u0165 pri pl\u00e1novan\u00ed va\u0161ej bud\u00facnosti, z\u00e1zemia pre rodinu \u010di pr\u00edpravu na financovanie vlastn\u00e9ho b\u00fdvania.  V\u010faka najmodernej\u0161iemu finan\u010dn\u00e9mu vzdel\u00e1vaniu sa stanete sebavedom\u00fdm a \u010dlovekom, ktor\u00e9ho nezasko\u010d\u00ed \u017eiadna t\u00e9ma o financi\u00e1ch.  Te\u0161\u00edme sa na V\u00e1s","og_url":"https:\/\/efc-skola.sk\/en\/product\/financna-gramotnost-pre-dospelych\/","og_site_name":"EFC","article_modified_time":"2024-12-14T17:12:23+00:00","og_image":[{"width":2000,"height":1333,"url":"https:\/\/efc-skola.sk\/wp-content\/uploads\/2023\/11\/happy-student-having-fun-while-using-lapto.webp","type":"image\/webp"}],"twitter_card":"summary_large_image","twitter_misc":{"Estimated reading time":"1 minute"},"schema":{"@context":"https:\/\/schema.org","@graph":[{"@type":"WebPage","@id":"https:\/\/efc-skola.sk\/produkt\/financna-gramotnost-pre-dospelych\/","url":"https:\/\/efc-skola.sk\/produkt\/financna-gramotnost-pre-dospelych\/","name":"Finan\u010dn\u00e1 gramotnos\u0165 pre dospel\u00fdch - EFC","isPartOf":{"@id":"https:\/\/efc-skola.sk\/#website"},"primaryImageOfPage":{"@id":"https:\/\/efc-skola.sk\/produkt\/financna-gramotnost-pre-dospelych\/#primaryimage"},"image":{"@id":"https:\/\/efc-skola.sk\/produkt\/financna-gramotnost-pre-dospelych\/#primaryimage"},"thumbnailUrl":"https:\/\/efc-skola.sk\/wp-content\/uploads\/2023\/11\/happy-student-having-fun-while-using-lapto.webp","datePublished":"2023-11-26T12:27:00+00:00","dateModified":"2024-12-14T17:12:23+00:00","breadcrumb":{"@id":"https:\/\/efc-skola.sk\/produkt\/financna-gramotnost-pre-dospelych\/#breadcrumb"},"inLanguage":"en-GB","potentialAction":[{"@type":"ReadAction","target":["https:\/\/efc-skola.sk\/produkt\/financna-gramotnost-pre-dospelych\/"]}]},{"@type":"ImageObject","inLanguage":"en-GB","@id":"https:\/\/efc-skola.sk\/produkt\/financna-gramotnost-pre-dospelych\/#primaryimage","url":"https:\/\/efc-skola.sk\/wp-content\/uploads\/2023\/11\/happy-student-having-fun-while-using-lapto.webp","contentUrl":"https:\/\/efc-skola.sk\/wp-content\/uploads\/2023\/11\/happy-student-having-fun-while-using-lapto.webp","width":2000,"height":1333},{"@type":"BreadcrumbList","@id":"https:\/\/efc-skola.sk\/produkt\/financna-gramotnost-pre-dospelych\/#breadcrumb","itemListElement":[{"@type":"ListItem","position":1,"name":"\u00davod","item":"https:\/\/efc-skola.sk\/"},{"@type":"ListItem","position":2,"name":"Obchod","item":"https:\/\/efc-skola.sk\/obchod\/"},{"@type":"ListItem","position":3,"name":"Finan\u010dn\u00e1 gramotnos\u0165 pre dospel\u00fdch"}]},{"@type":"WebSite","@id":"https:\/\/efc-skola.sk\/#website","url":"https:\/\/efc-skola.sk\/","name":"EFC","description":"Financial Education Centre","publisher":{"@id":"https:\/\/efc-skola.sk\/#organization"},"potentialAction":[{"@type":"SearchAction","target":{"@type":"EntryPoint","urlTemplate":"https:\/\/efc-skola.sk\/?s={search_term_string}"},"query-input":{"@type":"PropertyValueSpecification","valueRequired":true,"valueName":"search_term_string"}}],"inLanguage":"en-GB"},{"@type":"Organization","@id":"https:\/\/efc-skola.sk\/#organization","name":"EFC","url":"https:\/\/efc-skola.sk\/","logo":{"@type":"ImageObject","inLanguage":"en-GB","@id":"https:\/\/efc-skola.sk\/#\/schema\/logo\/image\/","url":"https:\/\/efc-skola.sk\/wp-content\/uploads\/2023\/07\/mottotag28954.png","contentUrl":"https:\/\/efc-skola.sk\/wp-content\/uploads\/2023\/07\/mottotag28954.png","width":421,"height":420,"caption":"EFC"},"image":{"@id":"https:\/\/efc-skola.sk\/#\/schema\/logo\/image\/"},"sameAs":["https:\/\/www.instagram.com\/prosekuj\/"]}]}},"jetpack_publicize_connections":[],"jetpack_sharing_enabled":true,"_links":{"self":[{"href":"https:\/\/efc-skola.sk\/en\/wp-json\/wp\/v2\/product\/16288","targetHints":{"allow":["GET"]}}],"collection":[{"href":"https:\/\/efc-skola.sk\/en\/wp-json\/wp\/v2\/product"}],"about":[{"href":"https:\/\/efc-skola.sk\/en\/wp-json\/wp\/v2\/types\/product"}],"wp:featuredmedia":[{"embeddable":true,"href":"https:\/\/efc-skola.sk\/en\/wp-json\/wp\/v2\/media\/16405"}],"wp:attachment":[{"href":"https:\/\/efc-skola.sk\/en\/wp-json\/wp\/v2\/media?parent=16288"}],"wp:term":[{"taxonomy":"product_brand","embeddable":true,"href":"https:\/\/efc-skola.sk\/en\/wp-json\/wp\/v2\/product_brand?post=16288"},{"taxonomy":"product_cat","embeddable":true,"href":"https:\/\/efc-skola.sk\/en\/wp-json\/wp\/v2\/product_cat?post=16288"},{"taxonomy":"product_tag","embeddable":true,"href":"https:\/\/efc-skola.sk\/en\/wp-json\/wp\/v2\/product_tag?post=16288"}],"curies":[{"name":"wp","href":"https:\/\/api.w.org\/{rel}","templated":true}]}}